{"id":1778,"date":"2021-11-18T17:52:47","date_gmt":"2021-11-18T17:52:47","guid":{"rendered":"https:\/\/goesresearchgroup.com\/?page_id=1778"},"modified":"2024-11-25T11:38:46","modified_gmt":"2024-11-25T11:38:46","slug":"informacio-de-cookies","status":"publish","type":"page","link":"https:\/\/goesresearchgroup.com\/ca\/informacio-de-cookies\/","title":{"rendered":"Informaci\u00f3 de cookies"},"content":{"rendered":"\n<p>Aquest Lloc Web utilitza cookies pr\u00f2pies i de terceres entitats, amb la finalitat de brindar una experi\u00e8ncia de navegaci\u00f3 satisfact\u00f2ria per a l\u2019usuari, fer m\u00e8triques i estad\u00edstiques, aix\u00ed com accions de m\u00e0rqueting. Si l\u2019usuari no est\u00e0 d&#8217;acord amb alguna de les finalitats, pot personalitzar les opcions des d\u2019aquesta pol\u00edtica.<\/p>\n\n\n\n<p>A m\u00e9s, aquest Lloc Web pot disposar d\u2019enlla\u00e7os a llocs web de tercers, les pol\u00edtiques de privadesa dels quals, pol\u00edtiques de cookies i textos legals, s\u00f3n aliens al titular del present Lloc Web. En accedir a aquests llocs web mitjan\u00e7ant els enlla\u00e7os esmentats, l\u2019usuari \u00e9s lliure de decidir si accepta o rebutja els apartats esmentats.<\/p>\n\n\n\n<div class=\"wp-block-buttons is-layout-flex wp-block-buttons-is-layout-flex\">\n<div class=\"wp-block-button is-style-outline is-style-outline--1\"><a class=\"wp-block-button__link has-ast-global-color-5-color has-text-color has-link-color wp-element-button\" href=\"#gdpr_cookie_modal\" style=\"border-radius:26px\">Configuraci\u00f3 de cookies<\/a><\/div>\n<\/div>\n\n\n\n<div style=\"height:30px\" aria-hidden=\"true\" class=\"wp-block-spacer\"><\/div>\n\n\n\n<h4 class=\"wp-block-heading\">1. Definici\u00f3 i funci\u00f3 de les Cookies<\/h4>\n\n\n\n<p>Una cookie \u00e9s un petit arxiu creat per un lloc d\u2019Internet per emmagatzemar informaci\u00f3 en el seu equip, com, per exemple, les prefer\u00e8ncies quan es visita una web. Quan s\u2019accedeix a una p\u00e0gina web que utilitza cookies, aquesta sol\u00b7licita al navegador que guardi una o m\u00e9s cookies en el disc dur. Les cookies sovint guarden la configuraci\u00f3 dels llocs web, com l\u2019idioma preferit o la ubicaci\u00f3, aix\u00ed, quan l\u2019usuari torna a aquesta p\u00e0gina web, el navegador envia de nou les cookies que li pertanyen, la qual cosa permet prestar un servei i informaci\u00f3 personalitzada en funci\u00f3 de les necessitats. Les cookies tamb\u00e9 poden arribar a guardar informaci\u00f3 que identifiqui personalment als usuaris, no obstant aix\u00f2, aquest lloc web no utilitza aquesta classe de cookies, i nom\u00e9s tindr\u00e0 acc\u00e9s a la informaci\u00f3 personal que vost\u00e8 proporcioni a trav\u00e9s dels formularis de contacte o via correu electr\u00f2nic. Es pot canviar la configuraci\u00f3 de cookies del navegador que vost\u00e8 utilitza perqu\u00e8 li permeti aprovar o rebutjar autom\u00e0ticament peticions d\u2019emmagatzematge de cookies quan es tanca el navegador i altres opcions addicionals.<\/p>\n\n\n\n<h4 class=\"wp-block-heading\">2. Tipus de Cookies<\/h4>\n\n\n\n<p>Les cookies es poden classificar de forma global atenent a tres blocs en funci\u00f3 de l\u2019\u00e0mbit d\u2019estudi:<\/p>\n\n\n\n<h5 class=\"wp-block-heading\">a) Tipus de cookies segons l\u2019entitat que les gestioni:<\/h5>\n\n\n\n<p>Segon qui sigui l\u2019entitat que gestiona el domini del lloc web des d\u2019on s\u2019envien les cookies i es tracten les dades que s\u2019obtenen, es tenen:<\/p>\n\n\n\n<p>&#8211; Cookies pr\u00f2pies: Aquelles que s&#8217;envien al dispositiu de l\u2019usuari des de la mateixa p\u00e0gina web que visita.<br>&#8211; Cookies de tercers: Aquelles que s\u2019envien al dispositiu de l\u2019usuari des d\u2019un domini que no \u00e9s gestionat pel titular del domini que visita l\u2019usuari, sin\u00f3 per una altra entitat que tracta les dades obtingudes a trav\u00e9s de les cookies, com per exemple Google. Com que s\u00f3n aquests tercers els que procedeixen a la seva implementaci\u00f3, el bloqueig i desinstal\u00b7laci\u00f3 de les mateixes es gestiona per les seves condicions i mecanismes espec\u00edfics.<\/p>\n\n\n\n<h5 class=\"wp-block-heading\">b) Tipus de cookies segons el temps que romanen actives en el dispositiu:<\/h5>\n\n\n\n<p>\u2013 Cookies de sessi\u00f3: Dissenyades per demanar i emmagatzemar dades mentre l\u2019usuari accedeix a una p\u00e0gina web. Aquestes galetes s\u2019emmagatzemen al dispositiu que finalitzi la sessi\u00f3 de navegaci\u00f3 de l\u2019usuari.<\/p>\n\n\n\n<p>\u2013 Cookies persistents: Dissenyades per romandre actives al dispositiu des d\u2019uns minuts, fins a diversos anys, i les dades segueixen emmagatzemades al dispositiu podent ser accedides i tractades durant un per\u00edode definit pel responsable de la galeta.<\/p>\n\n\n\n<h5 class=\"wp-block-heading\">c) Tipus de cookies segons la finalitat:<\/h5>\n\n\n\n<p>En funci\u00f3 de l\u2019objectiu pel qual un lloc web utilitza cookies, es tenen de forma gen\u00e8rica:<\/p>\n\n\n\n<p>\u2013 Cookies t\u00e8cniques: Permeten, per exemple, con\u00e8ixer si l\u2019usuari ja va visitar en el passat el lloc web i va acceptar o rebutjar les cookies, identificant-lo quan es connecta al lloc web.<\/p>\n\n\n\n<p>\u2013 Cookies de prefer\u00e8ncies: Permeten adaptar la presentaci\u00f3 del lloc web a les prefer\u00e8ncies de l\u2019usuari, per exemple, segons l\u2019idioma utilitzat, la resoluci\u00f3 del dispositiu, el navegador utilitzat, etc. En definitiva, simplement millorar l\u2019experi\u00e8ncia d\u2019usuari.<\/p>\n\n\n\n<p>\u2013 Cookies anal\u00edtiques: Permeten, depenent de les prefer\u00e8ncies de l\u2019usuari, establir estad\u00edstiques i el volum de visites, tr\u00e0nsit web, mesuraments i d\u2019\u00fas dels diferents elements que formen el lloc web, a fi de millorar el lloc i millora dels serveis.<\/p>\n\n\n\n<p>\u2013 Galetes de m\u00e0rqueting i\/o publicit\u00e0ries. S\u00f3n les que s\u2019utilitzen de manera general per obtenir un perfil d\u2019usuari per con\u00e8ixer les seves prefer\u00e8ncies i mostrar publicitat adre\u00e7ada a la carta. Es pot crear un perfil sobre vost\u00e8 i els seus interessos per mostrar contingut personalitzat que li fos pertinent.<\/p>\n\n\n\n<h4 class=\"wp-block-heading\">3. Revocaci\u00f3 i eliminaci\u00f3 de galetes<\/h4>\n\n\n\n<p>Amb car\u00e0cter general i en qualsevol moment, a la navegaci\u00f3 per Internet, l\u2019usuari pot configurar les seves prefer\u00e8ncies (acceptar o rebutjar les cookies) respecte al nostre portal i als tercers que instal\u00b7len cookies seguint qualsevol de les opcions seg\u00fcents:<\/p>\n\n\n\n<ul class=\"wp-block-list\">\n<li>Accedint a \u00a8<a href=\"#gdpr_cookie_modal\">Informaci\u00f3 cookies<\/a>\u00a8, l&#8217;enlla\u00e7 de la qual trobareu al peu de la nostra p\u00e0gina.<\/li>\n\n\n\n<li>Tamb\u00e9, pot modificar f\u00e0cilment les prefer\u00e8ncies del seu navegador per controlar quines cookies accedeixen al seu ordinador i quines prefereix limitar.<\/li>\n<\/ul>\n\n\n\n<p>Per configurar el navegador, desactivar o administrar la instal\u00b7laci\u00f3 de cookies, i que, d&#8217;aquesta manera, s&#8217;esborrin autom\u00e0ticament una vegada que es tanqui el navegador, equip o dispositiu, pot obtenir m\u00e9s informaci\u00f3 fent clic als seg\u00fcents enlla\u00e7os que li proporcionem, en funci\u00f3 del navegador que utilitza; per exemple:<\/p>\n\n\n\n<p>\u2013 <a href=\"https:\/\/support.google.com\/chrome\/answer\/95647?hl=es\" target=\"_blank\" rel=\"noreferrer noopener\">Google Chrome<\/a><br>\u2013 <a href=\"https:\/\/support.mozilla.org\/es\/kb\/cookies-informacion-que-los-sitios-web-guardan-en-?redirectlocale=en-US&amp;redirectslug=Cookies\" target=\"_blank\" rel=\"noreferrer noopener\">Mozilla Firefox<\/a><br>\u2013 <a href=\"https:\/\/support.microsoft.com\/es-es\/help\/4468242\/microsoft-edge-browsing-data-and-privacy\" target=\"_blank\" rel=\"noreferrer noopener\">Edge<\/a><br>\u2013 <a href=\"https:\/\/support.microsoft.com\/es-es\/help\/17442\/windows-internet-explorer-delete-manage-cookies#ie=ie-11\" target=\"_blank\" rel=\"noreferrer noopener\">Internet Explorer<\/a><br>\u2013 <a href=\"https:\/\/help.opera.com\/en\/latest\/web-preferences\/\" target=\"_blank\" rel=\"noreferrer noopener\">Opera<\/a><br>\u2013 <a href=\"https:\/\/www.apple.com\/legal\/privacy\/es\/cookies\/\">S<\/a><a href=\"https:\/\/www.apple.com\/legal\/privacy\/es\/cookies\/\" target=\"_blank\" rel=\"noreferrer noopener\">a<\/a><a href=\"https:\/\/www.apple.com\/legal\/privacy\/es\/cookies\/\">fari<\/a><\/p>\n\n\n\n<p>De manera general, la majoria dels navegadors, permeten l\u2019acc\u00e9s r\u00e0pid a l\u2019eliminaci\u00f3 de les dades de navegaci\u00f3, fent clic a la seq\u00fc\u00e8ncia de tecles Ctrl+Mayus+Supr, podent esborrar les Cookies.<\/p>\n\n\n\n<h4 class=\"wp-block-heading\">4. Actualitzaci\u00f3 i modificacions a la Pol\u00edtica de Cookies<\/h4>\n\n\n\n<p>Aquesta Pol\u00edtica de Cookies i Configuraci\u00f3 podr\u00e0 ser modificada en funci\u00f3 dels canvis legislatius o amb la finalitat d\u2019adaptar aquesta pol\u00edtica a noves necessitats del Lloc Web o noves instruccions dictades des de l\u2019Ag\u00e8ncia Espanyola de Protecci\u00f3 de Dades (AEPD).<\/p>\n\n\n\n<p>Si vol contactar amb nosaltres respecte la nostra pol\u00edtica de cookies, pot fer-ho a <a href=\"mailto:althaia@althaia.cat\">althaia@althaia.cat<\/a>.<\/p>\n\n\n\n<p><em>Darrera actualitzaci\u00f3: febrer de 2022.<\/em><\/p>\n\n\n\n<p><\/p>\n","protected":false},"excerpt":{"rendered":"<p>Aquest Lloc Web utilitza cookies pr\u00f2pies i de terceres entitats, amb la finalitat de brindar una&hellip;<\/p>\n","protected":false},"author":1,"featured_media":0,"parent":0,"menu_order":0,"comment_status":"closed","ping_status":"closed","template":"","meta":{"_acf_changed":false,"_uag_custom_page_level_css":"","site-sidebar-layout":"default","site-content-layout":"default","ast-site-content-layout":"default","site-content-style":"default","site-sidebar-style":"default","ast-global-header-display":"","ast-banner-title-visibility":"","ast-main-header-display":"","ast-hfb-above-header-display":"","ast-hfb-below-header-display":"","ast-hfb-mobile-header-display":"","site-post-title":"","ast-breadcrumbs-content":"","ast-featured-img":"","footer-sml-layout":"","theme-transparent-header-meta":"default","adv-header-id-meta":"","stick-header-meta":"","header-above-stick-meta":"","header-main-stick-meta":"","header-below-stick-meta":"","astra-migrate-meta-layouts":"set","ast-page-background-enabled":"default","ast-page-background-meta":{"desktop":{"background-color":"var(--ast-global-color-4)","background-image":"","background-repeat":"repeat","background-position":"center center","background-size":"auto","background-attachment":"scroll","background-type":"","background-media":"","overlay-type":"","overlay-color":"","overlay-opacity":"","overlay-gradient":""},"tablet":{"background-color":"","background-image":"","background-repeat":"repeat","background-position":"center center","background-size":"auto","background-attachment":"scroll","background-type":"","background-media":"","overlay-type":"","overlay-color":"","overlay-opacity":"","overlay-gradient":""},"mobile":{"background-color":"","background-image":"","background-repeat":"repeat","background-position":"center center","background-size":"auto","background-attachment":"scroll","background-type":"","background-media":"","overlay-type":"","overlay-color":"","overlay-opacity":"","overlay-gradient":""}},"ast-content-background-meta":{"desktop":{"background-color":"var(--ast-global-color-5)","background-image":"","background-repeat":"repeat","background-position":"center center","background-size":"auto","background-attachment":"scroll","background-type":"","background-media":"","overlay-type":"","overlay-color":"","overlay-opacity":"","overlay-gradient":""},"tablet":{"background-color":"var(--ast-global-color-5)","background-image":"","background-repeat":"repeat","background-position":"center center","background-size":"auto","background-attachment":"scroll","background-type":"","background-media":"","overlay-type":"","overlay-color":"","overlay-opacity":"","overlay-gradient":""},"mobile":{"background-color":"var(--ast-global-color-5)","background-image":"","background-repeat":"repeat","background-position":"center center","background-size":"auto","background-attachment":"scroll","background-type":"","background-media":"","overlay-type":"","overlay-color":"","overlay-opacity":"","overlay-gradient":""}},"footnotes":""},"class_list":["post-1778","page","type-page","status-publish","hentry"],"acf":[],"uagb_featured_image_src":{"full":false,"thumbnail":false,"medium":false,"medium_large":false,"large":false,"1536x1536":false,"2048x2048":false,"gs-tiny":false,"xl":false,"xxl":false,"xxxl":false,"xxxxl":false,"xxxxxl":false,"featured":false},"uagb_author_info":{"display_name":"admin_tresipunt","author_link":"https:\/\/goesresearchgroup.com\/ca\/blog\/author\/admin_tresipunt\/"},"uagb_comment_info":0,"uagb_excerpt":"Aquest Lloc Web utilitza cookies pr\u00f2pies i de terceres entitats, amb la finalitat de brindar una&hellip;","_links":{"self":[{"href":"https:\/\/goesresearchgroup.com\/ca\/wp-json\/wp\/v2\/pages\/1778","targetHints":{"allow":["GET"]}}],"collection":[{"href":"https:\/\/goesresearchgroup.com\/ca\/wp-json\/wp\/v2\/pages"}],"about":[{"href":"https:\/\/goesresearchgroup.com\/ca\/wp-json\/wp\/v2\/types\/page"}],"author":[{"embeddable":true,"href":"https:\/\/goesresearchgroup.com\/ca\/wp-json\/wp\/v2\/users\/1"}],"replies":[{"embeddable":true,"href":"https:\/\/goesresearchgroup.com\/ca\/wp-json\/wp\/v2\/comments?post=1778"}],"version-history":[{"count":3,"href":"https:\/\/goesresearchgroup.com\/ca\/wp-json\/wp\/v2\/pages\/1778\/revisions"}],"predecessor-version":[{"id":3913,"href":"https:\/\/goesresearchgroup.com\/ca\/wp-json\/wp\/v2\/pages\/1778\/revisions\/3913"}],"wp:attachment":[{"href":"https:\/\/goesresearchgroup.com\/ca\/wp-json\/wp\/v2\/media?parent=1778"}],"curies":[{"name":"wp","href":"https:\/\/api.w.org\/{rel}","templated":true}]}}