{"id":1787,"date":"2021-08-23T06:34:34","date_gmt":"2021-08-23T06:34:34","guid":{"rendered":"https:\/\/goesresearchgroup.com\/privacy-policy\/"},"modified":"2023-02-15T09:53:02","modified_gmt":"2023-02-15T09:53:02","slug":"politica-de-privadesa","status":"publish","type":"page","link":"https:\/\/goesresearchgroup.com\/ca\/politica-de-privadesa\/","title":{"rendered":"Pol\u00edtica de privadesa"},"content":{"rendered":"\n<h4 class=\"wp-block-heading\">1. A qui aplica aquesta Pol\u00edtica de Privadesa?<\/h4>\n\n\n\n<p>La p\u00e0gina web <a href=\"http:\/\/www.goesresearchgroup.com\">www.goesresearchgroup.com<\/a> (d\u2019ara endavant, el \u201c<strong>Lloc Web<\/strong>\u201d) \u00e9s un domini a Internet titularitat del grup de recerca Gastrointenstinal Oncology, Endoscopy and Surgery research group (d\u2019ara endavant, <strong>GOES Group<\/strong>), pertanyent a ALTHAIA, XARXA ASSISTENCIAL UNIVERSIT\u00c0RIA DE MANRESA FP (d\u2019ara endavant, \u201c<strong>ALTHAIA<\/strong>\u201d).<\/p>\n\n\n\n<p>En visitar o consultar el lloc web del GOES Group i utilitzar els serveis oferts, l\u2019usuari (clients, clients potencials, pacients, doctors, professors i estudiants, candidats, practicants, empleats, entre d\u2019altres) accepta el tractament de les dades personals, donant conformitat als termes establerts en aquest document (d\u2019ara endavant, la &#8220;Pol\u00edtica de privadesa&#8221;).<\/p>\n\n\n\n<p>Posem a la seva disposici\u00f3 el Lloc Web per facilitar-li l\u2019acc\u00e9s a la informaci\u00f3 sobre la comercialitzaci\u00f3 de seminaris i cursos, en espec\u00edfic del curs \u201c<em>Training in optical diagnosis of early colorectal cancer<\/em>\u201d, que es podr\u00e0 realitzar en format online.<\/p>\n\n\n\n<p>Aquesta Pol\u00edtica de Privadesa i la forma de processar les seves dades estaran regulades pel Reglament General de Protecci\u00f3 de Dades, o Reglament [UE] 2016\/679 (&#8220;RGPD&#8221;).<\/p>\n\n\n\n<h4 class=\"wp-block-heading\">2. Qui \u00e9s el responsable del tractament de les dades?<\/h4>\n\n\n\n<p>Aquesta \u00e9s la informaci\u00f3 rellevant del Responsable del Tractament de les dades personals facilitades pels usuaris:<\/p>\n\n\n\n<figure class=\"wp-block-table\"><table><tbody><tr><td><strong>Identitat<\/strong><\/td><td>ALTHAIA, XARXA ASSISTENCIAL UNIVERSIT\u00c0RIA DE MANRESA FP (d\u2019ara endavant GOES Group)<\/td><\/tr><tr><td><strong>Domicili<\/strong><\/td><td>Carrer Dr. Joan Soler, 1-3 CP 08243 Manresa, Barcelona-Espanya<\/td><\/tr><tr><td><strong>Tel\u00e8fon<\/strong><\/td><td>+34 93 874 21 12<\/td><\/tr><tr><td><strong>Correu electr\u00f2nic<\/strong><\/td><td><a href=\"mailto:althaia@althaia.cat\">althaia@althaia.cat<\/a><\/td><\/tr><\/tbody><\/table><\/figure>\n\n\n\n<h4 class=\"wp-block-heading\">3. Quina \u00e9s la legitimaci\u00f3 per al tractament de les dades?<\/h4>\n\n\n\n<p>Les bases legals per al tractament de les dades personals s\u00f3n:<\/p>\n\n\n\n<ul class=\"wp-block-list\"><li>L\u2019execuci\u00f3 dels formularis al Lloc Web del GOES Group, aquests formularis (apartat 4.a) els emplena l\u2019interessat o comparteix determinada informaci\u00f3 i amb aix\u00f2 d\u00f3na el ple consentiment per al tractament de les seves dades personals.<\/li><li>L\u2019execuci\u00f3 d\u2019un contracte.<\/li><li>El compliment de les normatives aplicables.<\/li><\/ul>\n\n\n\n<h4 class=\"wp-block-heading\">4. Quina informaci\u00f3 tractem?<\/h4>\n\n\n\n<p>La informaci\u00f3 que rebem per part dels usuaris o que els mateixos comparteixen, i que ser\u00e0 tractada amb la m\u00e0xima confidencialitat, es tracta i gestiona com exposem a continuaci\u00f3.<\/p>\n\n\n\n<p>a) Informaci\u00f3 que els usuaris ens faciliten <strong><u>directament<\/u><\/strong>: GOES Group recopila i emmagatzema certa informaci\u00f3 que l\u2019usuari introdueix al Lloc Web, a trav\u00e9s dels seg\u00fcents apartats\/formularis.<\/p>\n\n\n\n<figure class=\"wp-block-table\"><table><tbody><tr><td><strong><em>\u201cRegistra&#8217;t\u201d<\/em><\/strong><br> <strong><em>\u201cEntra\u201d<\/em><\/strong><\/td><td>La informaci\u00f3 que l\u2019usuari ens facilita quan sol\u00b7licita el registre, \u00e9s a dir, DNI o n\u00famero d&#8217;identificaci\u00f3 i correu electr\u00f2nic. <\/td><td><em>Dades de car\u00e0cter identificatiu.<\/em><\/td><\/tr><tr><td><strong><em>\u201cInscriu-te ara \/ Billing detailes\u201d<\/em><\/strong> <strong><em>&nbsp;<\/em><\/strong><\/td><td>La informaci\u00f3 que l&#8217;usuari ens facilita quan compra o adquireix el nostre curs a trav\u00e9s del Lloc web, aix\u00f2 \u00e9s, nom complet, pa\u00eds, adre\u00e7a, codi postal, poblaci\u00f3, prov\u00edncia, tel\u00e8fon, correu electr\u00f2nic, DNI o n\u00famero d&#8217;identificaci\u00f3 i quan correspongui, dades banc\u00e0ries.<\/td><td><em>Dades de car\u00e0cter identificatiu.<\/em> <em>Dades econ\u00f2miques.<\/em> <em>&nbsp;<\/em><\/td><\/tr><\/tbody><\/table><\/figure>\n\n\n\n<p>b) Informaci\u00f3 que els usuaris ens faciliten <strong><u>indirectament<\/u><\/strong>:<\/p>\n\n\n\n<figure class=\"wp-block-table\"><table><tbody><tr><td><strong>Cookies pr\u00f2pies i de tercers<\/strong><\/td><td>El GOES Group utilitza cookies pr\u00f2pies i de tercers per distingir-ho d\u2019altres usuaris del nostre lloc web. Per aix\u00f2, sense car\u00e0cter exhaustiu, recopila la seg\u00fcent informaci\u00f3: el tipus de cercador, el sistema operatiu, incloent-hi el contingut que consulta i el moment del dia en qu\u00e8 ho fa, aix\u00ed com l\u2019identificador en l\u00ednia (\u00e9s a dir, l\u2019IP assignat al dispositiu).<\/td><td>Dades derivades de les cookies de car\u00e0cter identificatiu. Dades derivades de la navegaci\u00f3.<\/td><\/tr><\/tbody><\/table><\/figure>\n\n\n\n<p><strong>4.1. Qualitat de dades<\/strong>: L\u2019usuari haur\u00e0 de garantir, tant davant del GOES Group com davant de tercers, la qualitat de la informaci\u00f3 i de les dades personals que proporcioni a trav\u00e9s de Lloc Web del GOES Group. Aix\u00f2 implica que totes les dades personals i informacions facilitades han de ser reals, veraces, actualitzades i pert\u00e0nyer a l\u2019usuari i no a terceres persones. En cas que pertanyin a terceres persones, entenem que \u00e9s mitjan\u00e7ant el seu consentiment i sol\u00b7licitem que es convidi a aquest tercer a con\u00e8ixer els nostres textos legals al m\u00e9s aviat possible.<\/p>\n\n\n\n<p><strong>4.2. Modificaci\u00f3 de dades: <\/strong>L\u2019usuari haur\u00e0 de notificar al GOES Group qualsevol modificaci\u00f3 que es produeixi en les dades personals facilitades, responent en qualsevol cas de la veracitat i exactitud de les dades subministrades a cada moment.<\/p>\n\n\n\n<h4 class=\"wp-block-heading\">5. Amb quina finalitat tractem les dades?<\/h4>\n\n\n\n<figure class=\"wp-block-table\"><table><tbody><tr><td><strong>Prestaci\u00f3 de serveis<\/strong><\/td><td>El GOES Group podr\u00e0 utilitzar les dades personals que l\u2019usuari facilita: en registrar-se o iniciar sessi\u00f3 al Lloc Web del GOES Group per confirmar la seva identitat i verificar les seves dades personals i de contacte. Per realitzar comunicacions via correu electr\u00f2nic sobre la seva operativa i aix\u00ed complir amb els procediments interns. Amb la finalitat de prestar correctament els serveis, com ara la impartici\u00f3 d&#8217;algun curs i donar a con\u00e8ixer qualsevol actualitzaci\u00f3 referent a aquest.<\/td><\/tr><tr><td><strong>Comunicaci\u00f3 de dades a tercers (excepcions)<\/strong><\/td><td>En cas que sigui estrictament necessari per als serveis sol\u00b7licitats, en cas que el GOES Group col\u00b7labori amb tercers. Quan el GOES Group tingui autoritzaci\u00f3 expressa i inequ\u00edvoca per part de l\u2019usuari. Quan se sol\u00b7liciti per part d\u2019autoritat competent en l\u2019exercici de les seves funcions (per investigar, prevenir o prendre accions relatives a accions il\u00b7legals). Si ho requereix una normativa.<\/td><\/tr><tr><td><strong>Missatges promocionals amb opci\u00f3 de cancel\u00b7laci\u00f3<\/strong><\/td><td>Amb el consentiment de l\u2019usuari, el GOES Group podr\u00e0 utilitzar les dades personals que obtinguem per enviar informaci\u00f3, not\u00edcies i publicitat sobre els nostres serveis i altres de similars. En tot cas, es pot evitar l\u2019enviament de nous e-mails informatius sol\u00b7licitant-ho a l\u2019adre\u00e7a de correu electr\u00f2nic goesresearchgroup@althaia.cat o mitjan\u00e7ant l\u2019enlla\u00e7 que apareix al cos de cadascun dels e-mails que enviem i conseq\u00fcentment, el GOES Group cessar\u00e0 en l\u2019enviament de la informaci\u00f3 esmentada.<\/td><\/tr><tr><td><strong>Cookies pr\u00f2pies i de tercers<\/strong><\/td><td>Amb la finalitat de brindar una millor experi\u00e8ncia en navegar i informar-nos sobre la seva darrera visita al nostre Lloc Web (cookies t\u00e8cniques i de personalitzaci\u00f3). Amb el consentiment de l\u2019usuari, es podran instal\u00b7lar cookies per calcular el nombre de persones que ingressen al lloc web, aix\u00ed com emmagatzemar informaci\u00f3 del comportament dels usuaris obtinguda a trav\u00e9s de l\u2019observaci\u00f3 continuada dels h\u00e0bits de navegaci\u00f3 (anal\u00edtiques). La majoria dels navegadors admeten l\u2019\u00fas de cookies de forma autom\u00e0tica, per\u00f2 pot configurar el ser navegador per ser avisat a la pantalla del seu ordinador sobre la recepci\u00f3 de cookies i, d\u2019aquesta manera, impedir la seva instal\u00b7laci\u00f3 al disc dur. Per obtenir informaci\u00f3 detallada sobre les cookies que utilitzem i els fins per als que les utilitzem, consulta la nostra Pol\u00edtica de <a href=\"https:\/\/goesresearchgroup.com\/ca\/informacio-de-cookies\/\" target=\"_blank\" rel=\"noreferrer noopener\">Cookies<\/a>.<\/td><\/tr><\/tbody><\/table><\/figure>\n\n\n\n<h4 class=\"wp-block-heading\">6. Quant de temps conservarem les dades?<\/h4>\n\n\n\n<p>El GOES Group conservar\u00e0 les dades personals de l&#8217;usuari durant el temps que sigui raonablement necessari per: complir amb qualsevol dels objectius esmentats en aquesta Pol\u00edtica de Privadesa i complir amb la legislaci\u00f3 vigent, exig\u00e8ncies normatives i ordres pertinents de tribunals competents o, en qualsevol cas, mentre que li enviem informaci\u00f3 o comunicacions i l\u2019interessat no sol\u00b7liciti la supressi\u00f3 o oposici\u00f3.<\/p>\n\n\n\n<p>Les seves dades personals seran anonimitzades o eliminades una vegada ja no sigui rellevant per a les finalitats per a les quals van ser recopilades.<\/p>\n\n\n\n<h4 class=\"wp-block-heading\">7. A quins destinataris es comuniquen les dades?<\/h4>\n\n\n\n<p>Les dades de car\u00e0cter personal que el GOES Group recopili seran exclusivament utilitzades per a la consecuci\u00f3 de l\u2019objecte definit al Lloc Web del GOES Group. Per a la consecuci\u00f3 de dit objectiu i la correcta prestaci\u00f3 del servei, el GOES Group podria compartir certes dades de car\u00e0cter personal dels usuaris:<\/p>\n\n\n\n<ul class=\"wp-block-list\"><li>Previ requeriment legal, el GOES Group podr\u00e0 compartir informaci\u00f3 amb organismes d\u2019autoritats executives i\/o tercers pel que fa a peticions d\u2019informaci\u00f3 relatives a investigacions de car\u00e0cter penal i presumptes activitats il\u00b7legals.<\/li><li>Prove\u00efdors de serveis externs: algunes empreses subcontractades pel GOES Group podrien tenir acc\u00e9s a les seves dades i informaci\u00f3 personals, sempre sota el control exclusiu del GOES Group, quan sigui necessari per proporcionar els nostres serveis.<\/li><li>Passarel\u00b7la de pagament: Redsys(Redsys, Serveis de Processament, SL). Tracta les dades personals:(i)Per contractar i executar qualsevol dels serveis i\/o productes que oferim o demanem. (ii)Per gestionar sol\u00b7licituds de candidats a treballar amb nosaltres. (iii) Per atendre les consultes que ens facin arribar a trav\u00e9s del correu de contacte. (iv) Per utilitzar el Canal \u00c8tic. (v) Per establir relacions comercials a trav\u00e9s de les persones de contacte d\u2019altres companyies. (vi) Per poder complir amb les obligacions societ\u00e0ries de la companyia. (vii) Per donar acc\u00e9s a informaci\u00f3 de la companyia protegida per mesures de xifratge IRM. L\u2019usuari podr\u00e0 consultar la Pol\u00edtica de Privadesa d&#8217;aquest prove\u00efdor <a href=\"http:\/\/www.redsys.es\/legal\/20200224_poli%CC%81tica_de_privacidad.pdf\">aqu\u00ed<\/a>.<\/li><\/ul>\n\n\n\n<ol class=\"wp-block-list\" type=\"i\"><li>Plataforma de comunicaci\u00f3 audiovisual: Google Meet (Google Ireland Limited). Tracta dades personals: (i) Informaci\u00f3 del compte (ii) Perfil i informaci\u00f3 del participant (iii) Integracions de contactes i calendari (iv) Configuraci\u00f3 (v) Informaci\u00f3 de registre (vi) Informaci\u00f3 del dispositiu (vii) Contingut i context de reunions, seminaris web i missatgeria (viii) \u00das del producte i del lloc web (ix) Comunicacions de Google Meet (x) Informaci\u00f3 de socis. L\u2019usuari podr\u00e0 consultar la Pol\u00edtica de Privadesa d&#8217;aquest prove\u00efdor <a href=\"https:\/\/support.google.com\/meet\/answer\/9852160?hl=es\">aqu\u00ed<\/a>.<\/li><li>Amb el consentiment de l\u2019usuari: a banda del que s\u2019ha establert anteriorment, s\u2019informar\u00e0 a l\u2019usuari en el cas que qualsevol informaci\u00f3 sobre aquest es posi en coneixement dels socis comercials de la web, o b\u00e9 amb tercers, amb car\u00e0cter diferent de les finalitats exposades al Lloc Web del GOES Group (per ex.: amb finalitats comercials), a fi que tingui l\u2019oportunitat de decidir que no es comparteixi la seva informaci\u00f3. Cap de les comunicacions de dades anterior inclour\u00e0 vendre, llogar, compartir o revelar altrament informaci\u00f3 personal de clients amb fins comercials de manera contr\u00e0ria als compromisos adquirits en aquesta Pol\u00edtica de Privadesa.<\/li><\/ol>\n\n\n\n<h4 class=\"wp-block-heading\">8. Es poden fer transfer\u00e8ncies internacionals de les dades?<\/h4>\n\n\n\n<p>En el cas que realitzem transfer\u00e8ncies de les seves dades personals a un tercer pa\u00eds, \u00e9s a dir, a un pa\u00eds fora de l&#8217;Espai Econ\u00f2mic Europeu (els pa\u00efsos de la Uni\u00f3 Europea m\u00e9s Liechtenstein, Isl\u00e0ndia i Noruega), complirem totes les lleis aplicables a aquesta transfer\u00e8ncia, inclosa la garantia que les seves dades personals es mantinguin segures i la pres\u00e8ncia de salvaguardes per assegurar que hi hagi una protecci\u00f3 adequada. Per aix\u00f2, el GOES Group utilitzar\u00e0 cl\u00e0usules tipus de protecci\u00f3 de dades adoptades per la Comissi\u00f3 Europea.<\/p>\n\n\n\n<h4 class=\"wp-block-heading\">9. Quins drets t\u00e9 l\u2019usuari davant de les dades que facilita?<\/h4>\n\n\n\n<p>L\u2019usuari podr\u00e0 exercir davant el GOES Group els seg\u00fcents drets:<\/p>\n\n\n\n<ul class=\"wp-block-list\"><li><strong>Dret a ser informat<\/strong>: l\u2019usuari t\u00e9 dret a rebre informaci\u00f3 clara, transparent i f\u00e0cilment comprensible sobre la manera com utilitzem la informaci\u00f3 i els drets. Per aquest motiu, li facilitem aquesta informaci\u00f3 en aquesta pol\u00edtica de privadesa.<\/li><\/ul>\n\n\n\n<ul class=\"wp-block-list\"><li><strong>Dret d\u2019acc\u00e9s<\/strong>: l\u2019usuari t\u00e9 dret a obtenir acc\u00e9s a la seva informaci\u00f3 (en cas que l\u2019estiguem tractant), aix\u00ed com a altres tipus d\u2019informaci\u00f3 (similar a la proporcionada en aquesta pol\u00edtica de privadesa), per tal que estigui informat i pugui comprovar que usem la seva informaci\u00f3 de conformitat amb la legislaci\u00f3 en mat\u00e8ria de protecci\u00f3 de dades.<\/li><\/ul>\n\n\n\n<ul class=\"wp-block-list\"><li><strong>Dret a rectificaci\u00f3<\/strong>: l\u2019usuari t\u00e9 dret que es corregeixi la seva informaci\u00f3 (dades inexactes) en cas que aquesta sigui incorrecta o incompleta.<\/li><\/ul>\n\n\n\n<ul class=\"wp-block-list\"><li><strong>Dret de supressi\u00f3<\/strong>: tamb\u00e9 es coneix com a \u201cdret a l\u2019oblit\u201d i, en definitiva, li permet sol\u00b7licitar l\u2019eliminaci\u00f3 o supressi\u00f3 de la seva informaci\u00f3 quan les dades ja no siguin necess\u00e0ries per als fins que van ser recollits. Aix\u00f2 no constitueix un dret general de supressi\u00f3; hi ha excepcions.<\/li><\/ul>\n\n\n\n<ul class=\"wp-block-list\"><li><strong>Dret a limitar el tractament<\/strong>: l\u2019usuari disposa de drets que li permeten \u201cbloquejar\u201d o impedir que se segueixi usant la seva informaci\u00f3. Quan es limita el tractament, \u00fanicament conservarem la seva informaci\u00f3 per a l&#8217;exercici o la defensa de reclamacions. Aix\u00ed mateix, conservem llistes d\u2019usuaris que han sol\u00b7licitat el \u201cbloqueig\u201d a que la seva informaci\u00f3 segueixi usant-se per assegurar-nos que la restricci\u00f3 es respecti en el futur.<\/li><\/ul>\n\n\n\n<ul class=\"wp-block-list\"><li><strong>Dret a la portabilitat de les dades<\/strong>: l\u2019usuari disposa de drets que us permeten obtenir i reutilitzar les seves dades personals per als seus propis fins en diferents serveis.<\/li><\/ul>\n\n\n\n<ul class=\"wp-block-list\"><li><strong>Dret a oposar-s\u2019hi<\/strong>: l\u2019usuari t\u00e9 dret a oposar-se a certs tipus de tractament, incloent-hi el tractament amb finalitats de m\u00e0rqueting directe. Tret de motius leg\u00edtims imperiosos, o l\u2019exercici o la defensa de possibles reclamacions.<\/li><\/ul>\n\n\n\n<p>L\u2019exercici dels drets esmentats \u00e9s personal\u00edssim, per tant caldr\u00e0 que l\u2019usuari acrediti la seva identitat.<\/p>\n\n\n\n<p>Per exercitar els drets previstos a la legislaci\u00f3, l\u2019usuari pot adre\u00e7ar-se al GOES Group a trav\u00e9s del correu electr\u00f2nic <a href=\"mailto:dpd@althaia.cat\">dpd@althaia.cat<\/a> o mitjan\u00e7ant escrit dirigit a la direcci\u00f3 que consta a l\u2019apartat 1 de la present Pol\u00edtica. La comunicaci\u00f3 contindr\u00e0 les seg\u00fcents dades i documents:<\/p>\n\n\n\n<ul class=\"wp-block-list\"><li>Nom i cognoms de l\u2019interessat, adjuntant fotoc\u00f2pia del DNI o altre document v\u00e0lid que ho identifiqui i, si escau, de la persona que el representi; la utilitzaci\u00f3 de signatura electr\u00f2nica eximeix de la presentaci\u00f3 d\u2019aquests documents.<\/li><li>Indicaci\u00f3 del domicili de l\u2019interessat i petici\u00f3 en qu\u00e8 es concreta la sol\u00b7licitud (el dret que es pret\u00e9n exercitar).<\/li><\/ul>\n\n\n\n<p>L\u2019usuari tamb\u00e9 tindr\u00e0 dret a presentar una reclamaci\u00f3 davant de l\u2019Autoritat de Control corresponent\/Ag\u00e8ncia Espanyola de Protecci\u00f3 de Dades (<a href=\"http:\/\/www.aepd.es\">www.aepd.es<\/a>), quan ho consideri convenient.<\/p>\n\n\n\n<h4 class=\"wp-block-heading\">10. Com protegim les dades dels nostres usuaris?<\/h4>\n\n\n\n<p>El GOES Group informa a l\u2019usuari que ha adoptat les mesures de car\u00e0cter t\u00e8cnic i organitzatives necess\u00e0ries exigides per la normativa vigent en mat\u00e8ria de protecci\u00f3 de dades per garantir la seguretat de les seves dades, a fi d\u2019evitar-ne l\u2019alteraci\u00f3, la p\u00e8rdua, l\u2019acc\u00e9s o el tractament no autoritzats.<\/p>\n\n\n\n<p>Tal i com s\u2019ha esmentat, les dades personals facilitades pels usuaris a trav\u00e9s del Lloc Web del GOES Group no seran cedides a altres entitats o empreses per ser emprades per a les seves pr\u00f2pies finalitats. No obstant aix\u00f2, algunes empreses subcontractades pel GOES Group podrien tenir acc\u00e9s a les dades i informaci\u00f3 personals, sempre sota l\u2019exclusiu control del GOES Group, amb l\u2019\u00fanica finalitat de prestar un servei necessari per al correcte funcionament de la Web del GOES Group.<\/p>\n\n\n\n<h4 class=\"wp-block-heading\">11. Modificacions<\/h4>\n\n\n\n<p>El GOES Group es reserva el dret a modificar aquesta Pol\u00edtica de Privadesa d\u2019acord amb la legislaci\u00f3 aplicable en cada moment. Per aix\u00f2, \u00e9s recomanable que l\u2019usuari revisi peri\u00f2dicament aquesta Pol\u00edtica de Privadesa amb la finalitat d\u2019estar informat del tractament i la protecci\u00f3 de les dades personals, aix\u00ed com dels drets que li assisteixen.<\/p>\n\n\n\n<h4 class=\"wp-block-heading\">12. Legislaci\u00f3 aplicable<\/h4>\n\n\n\n<p>Aquesta Pol\u00edtica es regir\u00e0 i interpretar\u00e0 d\u2019acord amb la legislaci\u00f3 espanyola, igual que la resoluci\u00f3 de qualsevol controv\u00e8rsia o diverg\u00e8ncia relacionada amb aquest Lloc Web. L\u2019\u00fas dels serveis del present Lloc Web suposa l\u2019acceptaci\u00f3 expressa de la jurisdicci\u00f3 espanyola.<\/p>\n\n\n\n<p><em>Data d&#8217;\u00faltima actualitzaci\u00f3: febrer 2023<\/em><\/p>\n\n\n\n<p><\/p>\n","protected":false},"excerpt":{"rendered":"<p>1. A qui aplica aquesta Pol\u00edtica de Privadesa? La p\u00e0gina web www.goesresearchgroup.com (d\u2019ara endavant, el \u201cLloc&hellip;<\/p>\n","protected":false},"author":1,"featured_media":0,"parent":0,"menu_order":0,"comment_status":"closed","ping_status":"open","template":"","meta":{"_acf_changed":false,"_uag_custom_page_level_css":"","site-sidebar-layout":"default","site-content-layout":"default","ast-site-content-layout":"default","site-content-style":"default","site-sidebar-style":"default","ast-global-header-display":"","ast-banner-title-visibility":"","ast-main-header-display":"","ast-hfb-above-header-display":"","ast-hfb-below-header-display":"","ast-hfb-mobile-header-display":"","site-post-title":"","ast-breadcrumbs-content":"","ast-featured-img":"","footer-sml-layout":"","theme-transparent-header-meta":"default","adv-header-id-meta":"","stick-header-meta":"","header-above-stick-meta":"","header-main-stick-meta":"","header-below-stick-meta":"","astra-migrate-meta-layouts":"default","ast-page-background-enabled":"default","ast-page-background-meta":{"desktop":{"background-color":"var(--ast-global-color-4)","background-image":"","background-repeat":"repeat","background-position":"center center","background-size":"auto","background-attachment":"scroll","background-type":"","background-media":"","overlay-type":"","overlay-color":"","overlay-opacity":"","overlay-gradient":""},"tablet":{"background-color":"","background-image":"","background-repeat":"repeat","background-position":"center center","background-size":"auto","background-attachment":"scroll","background-type":"","background-media":"","overlay-type":"","overlay-color":"","overlay-opacity":"","overlay-gradient":""},"mobile":{"background-color":"","background-image":"","background-repeat":"repeat","background-position":"center center","background-size":"auto","background-attachment":"scroll","background-type":"","background-media":"","overlay-type":"","overlay-color":"","overlay-opacity":"","overlay-gradient":""}},"ast-content-background-meta":{"desktop":{"background-color":"var(--ast-global-color-5)","background-image":"","background-repeat":"repeat","background-position":"center center","background-size":"auto","background-attachment":"scroll","background-type":"","background-media":"","overlay-type":"","overlay-color":"","overlay-opacity":"","overlay-gradient":""},"tablet":{"background-color":"var(--ast-global-color-5)","background-image":"","background-repeat":"repeat","background-position":"center center","background-size":"auto","background-attachment":"scroll","background-type":"","background-media":"","overlay-type":"","overlay-color":"","overlay-opacity":"","overlay-gradient":""},"mobile":{"background-color":"var(--ast-global-color-5)","background-image":"","background-repeat":"repeat","background-position":"center center","background-size":"auto","background-attachment":"scroll","background-type":"","background-media":"","overlay-type":"","overlay-color":"","overlay-opacity":"","overlay-gradient":""}},"footnotes":""},"class_list":["post-1787","page","type-page","status-publish","hentry"],"acf":[],"uagb_featured_image_src":{"full":false,"thumbnail":false,"medium":false,"medium_large":false,"large":false,"1536x1536":false,"2048x2048":false,"gs-tiny":false,"xl":false,"xxl":false,"xxxl":false,"xxxxl":false,"xxxxxl":false,"featured":false},"uagb_author_info":{"display_name":"admin_tresipunt","author_link":"https:\/\/goesresearchgroup.com\/ca\/blog\/author\/admin_tresipunt\/"},"uagb_comment_info":0,"uagb_excerpt":"1. A qui aplica aquesta Pol\u00edtica de Privadesa? La p\u00e0gina web www.goesresearchgroup.com (d\u2019ara endavant, el \u201cLloc&hellip;","_links":{"self":[{"href":"https:\/\/goesresearchgroup.com\/ca\/wp-json\/wp\/v2\/pages\/1787","targetHints":{"allow":["GET"]}}],"collection":[{"href":"https:\/\/goesresearchgroup.com\/ca\/wp-json\/wp\/v2\/pages"}],"about":[{"href":"https:\/\/goesresearchgroup.com\/ca\/wp-json\/wp\/v2\/types\/page"}],"author":[{"embeddable":true,"href":"https:\/\/goesresearchgroup.com\/ca\/wp-json\/wp\/v2\/users\/1"}],"replies":[{"embeddable":true,"href":"https:\/\/goesresearchgroup.com\/ca\/wp-json\/wp\/v2\/comments?post=1787"}],"version-history":[{"count":3,"href":"https:\/\/goesresearchgroup.com\/ca\/wp-json\/wp\/v2\/pages\/1787\/revisions"}],"predecessor-version":[{"id":3292,"href":"https:\/\/goesresearchgroup.com\/ca\/wp-json\/wp\/v2\/pages\/1787\/revisions\/3292"}],"wp:attachment":[{"href":"https:\/\/goesresearchgroup.com\/ca\/wp-json\/wp\/v2\/media?parent=1787"}],"curies":[{"name":"wp","href":"https:\/\/api.w.org\/{rel}","templated":true}]}}