{"id":1791,"date":"2021-09-21T14:17:49","date_gmt":"2021-09-21T14:17:49","guid":{"rendered":"https:\/\/goesresearchgroup.com\/legal-notice-and-conditions-of-use\/"},"modified":"2022-08-12T11:39:43","modified_gmt":"2022-08-12T11:39:43","slug":"avis-legal","status":"publish","type":"page","link":"https:\/\/goesresearchgroup.com\/ca\/avis-legal\/","title":{"rendered":"Av\u00eds legal"},"content":{"rendered":"\n<p>En aquest document trobar\u00e0 tota la informaci\u00f3 necess\u00e0ria sobre els serveis que ofereix ALTHAIA, XARXA ASSISTENCIAL UNIVERSIT\u00c0RIA DE MANRESA FP, a trav\u00e9s de la p\u00e0gina web. El convidem a llegir-lo amb deteniment i a consultar-lo sempre que ho requereixi.<\/p>\n\n\n\n<p>Pot adre\u00e7ar-se a l&#8217;adre\u00e7a de correu electr\u00f2nic <a href=\"mailto:althaia@althaia.cat\">althaia@althaia.cat<\/a>. Estarem encantats d&#8217;atendre&#8217;l.<\/p>\n\n\n\n<h4 class=\"wp-block-heading\">1. Qui som?<\/h4>\n\n\n\n<p>La p\u00e0gina web <a href=\"http:\/\/www.goesresearchgroup.com\">www.goesresearchgroup.com<\/a> (d\u2019ara endavant, el \u201c<strong>Lloc Web<\/strong>\u201d) \u00e9s un domini a internet titularitat del grup de recerca Gastrointenstinal Oncology, Endoscopy and Surgery research group (d\u2019ara endavant, \u201c<strong>GOES Group<\/strong>\u201d), pertanyent a ALTHAIA, XARXA ASSISTENCIAL UNIVERSIT\u00c0RIA DE MANRESA FP (d\u2019ara endavant, \u201c<strong>ALTHAIA<\/strong>\u201d). Les dades identificatives d\u2019ALTHAIA s\u00f3n:<\/p>\n\n\n\n<ul class=\"wp-block-list\"><li>CIF: G 58286303<\/li><li>Domicili: Carrer Dr. Joan Soler, 1-3 &#8211; 08243 Manresa (Barcelona)<\/li><li>Inscrita al Registre de Fundacions de la Generalitat de Catalunya el dia 3 d\u2019abril de 1987, amb el n\u00famero 298<\/li><\/ul>\n\n\n\n<p>Posem a la seva disposici\u00f3 el Lloc Web per facilitar-li l&#8217;acc\u00e9s a la informaci\u00f3 sobre els projectes de recerca, difusi\u00f3 i innovaci\u00f3 en el camp de l\u2019Oncologia, Endosc\u00f2pia i Cirurgia Gastrointestinal, aix\u00ed com per a la comercialitzaci\u00f3 de seminaris i cursos.<\/p>\n\n\n\n<h4 class=\"wp-block-heading\">2. Acceptaci\u00f3 de les condicions d\u2019\u00fas<\/h4>\n\n\n\n<p>Navegant pel Lloc Web vost\u00e8 accepta plenament totes i cadascuna de les condicions legals exposades a l&#8217;Av\u00eds Legal i a la Pol\u00edtica de Cookies.<\/p>\n\n\n\n<p>Per adaptar els textos legals del Lloc Web als continguts del mateix, ens reservem el dret a realitzar les modificacions oportunes a l&#8217;Av\u00eds Legal i a la Pol\u00edtica de Cookies.<\/p>\n\n\n\n<h4 class=\"wp-block-heading\">3. Acc\u00e9s al Lloc Web i informaci\u00f3 sobre GOES Group<\/h4>\n\n\n\n<p>El Lloc Web t\u00e9 per objectiu fonamental la difusi\u00f3 dels serveis, projectes, treballs de recerca, not\u00edcies i publicacions del GOES Group, aix\u00ed com proporcionar una formaci\u00f3 especialitzada relacionada amb la detecci\u00f3 preco\u00e7 del c\u00e0ncer colorectal a les lesions trobades durant la colonosc\u00f2pia. Ahora, tamb\u00e9 es facilita informaci\u00f3 de la fundaci\u00f3.<\/p>\n\n\n\n<p>L\u2019acc\u00e9s al Lloc Web \u00e9s totalment gratu\u00eft i no requereix del registre dels usuaris, per\u00f2 si vol inscriure\u2019s al Curs haur\u00e0 de registrar-se com a usuari a l&#8217;apartat de \u201c<em>Sign Up<\/em>\u201d i continuar amb el proc\u00e9s de compra. Si ja \u00e9s participant actiu del curs, podr\u00e0 accedir al contingut fent clic a l\u2019apartat de \u201c<em>Login<\/em>\u201d on se li sol\u00b7licitar\u00e0 el seu nom d&#8217;usuari i contrasenya.<\/p>\n\n\n\n<p>A trav\u00e9s del Lloc Web, li proporcionem un mitj\u00e0 de comunicaci\u00f3 perqu\u00e8 pugui contactar-nos amb la finalitat de rebre informaci\u00f3 dels nostres serveis que puguin ser del ser inter\u00e8s, aix\u00ed com per donar resposta a consultes relacionades amb el GOES Group, per la qual cosa vetllarem per controlar que en tot moment la informaci\u00f3 que aparegui al Lloc Web sigui vera\u00e7, acurada i accessible.<\/p>\n\n\n\n<p>Aquest Lloc Web, per motius de seguretat i per a la protecci\u00f3 de la transmissi\u00f3 de continguts confidencials, utilitza un xifratge SSL o b\u00e9 TLS. Pot identificar que la connexi\u00f3 \u00e9s xifrada perqu\u00e8 la barra d\u2019adre\u00e7a del navegador canvia de \u201chttp:\/\/\u201d a \u201chttps:\/\/\u201d i pel s\u00edmbol de cadenat a la barra d&#8217;adre\u00e7a del navegador. Si est\u00e0 activat el xifratge SSL o TLS, les dades que ens transmeti no podran ser llegides per tercers.<\/p>\n\n\n\n<p>El GOES Group no pot garantir la inexist\u00e8ncia d\u2019interrupcions o errors en l\u2019acc\u00e9s al Lloc Web o al seu contingut, ni que aquest estigui permanentment actualitzat, sense imprecisions o inexactituds. En qualsevol cas, ens comprometem a solucionar els possibles errors, interrupcions en la comunicaci\u00f3 i manca d\u2019actualitzaci\u00f3 dels continguts el m\u00e9s aviat possible.<\/p>\n\n\n\n<h4 class=\"wp-block-heading\">4. Normes d\u2019\u00fas<\/h4>\n\n\n\n<p>Volem que el nostre Lloc Web sigui un lloc agradable per a tothom. Per aix\u00f2, en navegar-hi, es compromet a utilitzar-lo de conformitat amb la llei, els bons costums i d\u2019acord amb aquest Av\u00eds Legal. Aix\u00ed mateix, garanteix fer un \u00fas adequat del contingut del Lloc Web i no fer-lo servir per realitzar activitats il\u00b7l\u00edcites o constitutives de delicte, que atemptin contra els drets de tercers i\/o que infringeixin la regulaci\u00f3 sobre propietat intel\u00b7lectual i industrial, o qualsevol altre norma de l\u2019ordenament jur\u00eddic aplicable.<\/p>\n\n\n\n<p>La informaci\u00f3 que proporciona el Lloc Web s\u2019utilitzar\u00e0 exclusivament per als serveis que ofereix el GOES Group.<\/p>\n\n\n\n<p>L\u2019usuari s\u2019obliga a utilitzar la informaci\u00f3 continguda en aquest Lloc Web per a les seves pr\u00f2pies necessitats exclusivament i a no fer directament o indirectament cap tipus d\u2019explotaci\u00f3 comercial dels continguts i serveis als quals t\u00e9 acc\u00e9s.<\/p>\n\n\n\n<p>Com a usuari del Lloc Web, reconeix i accepta que \u00e9s l\u2019\u00fanic responsable de l\u2019\u00fas que en realitzi i dels serveis i continguts accessibles a trav\u00e9s del Lloc Web.<\/p>\n\n\n\n<p>Per aix\u00f2, entre d\u2019altres activitats, l\u2019usuari es compromet a:<\/p>\n\n\n\n<p>a) No introduir o difondre continguts de car\u00e0cter racista, xen\u00f2fob, pornogr\u00e0fic, d\u2019apologia del terrorisme o que atemptin contra els drets humans.<\/p>\n\n\n\n<p>b) No introduir o difondre a la xarxa programes de dades (virus i programari nociu) susceptibles de provocar danys als sistemes inform\u00e0tics del prove\u00efdor d\u2019acc\u00e9s, els seus prove\u00efdors o tercers usuaris de la xarxa Internet.<\/p>\n\n\n\n<p>c) No difondre, transmetre o posar a disposici\u00f3 de tercers qualsevol tipus d\u2019informaci\u00f3, element o contingut que atempti contra els drets fonamentals i les llibertats p\u00fabliques reconeguts constitucionalment i als tractats internacionals.<\/p>\n\n\n\n<p>d) No difondre, transmetre o posar a disposici\u00f3 de tercers qualsevol tipus d\u2019informaci\u00f3, element o contingut que constitueixi publicitat il\u00b7l\u00edcita o deslleial.<\/p>\n\n\n\n<p>e) No introduir o difondre qualsevol informaci\u00f3 i continguts falsos, ambigus o inexactes de manera que indueixi a error.<\/p>\n\n\n\n<p>L\u2019usuari ser\u00e0 l\u2019\u00fanic responsable dels danys o perjudicis que es produeixin com a conseq\u00fc\u00e8ncia d\u2019un incompliment per part seva.<\/p>\n\n\n\n<h4 class=\"wp-block-heading\">5. Enlla\u00e7os<\/h4>\n\n\n\n<p>Si vol enlla\u00e7ar el Lloc Web a qualsevol web, f\u00f2rum, xat, plataforma o xarxa social, est\u00e0 obligat a indicar que no compta amb la nostra supervisi\u00f3 o autoritzaci\u00f3. En cap sup\u00f2sit es permet enlla\u00e7ar el Lloc Web des de webs, plataformes, f\u00f2rums, xats, blocs o xarxes socials contr\u00e0ries a la llei o als bons costums, en concret des d\u2019aquelles amb continguts pornogr\u00e0fics o que atemptin contra els drets humans.<\/p>\n\n\n\n<p>\u00c9s important aclarir que cap enlla\u00e7 suposa una vinculaci\u00f3 entre el GOES Group i el lloc des del qual vinculi al Lloc Web, per la qual cosa no som responsables de les dades o continguts que proporcionin.<\/p>\n\n\n\n<p>Aquest Lloc Web inclou enlla\u00e7os amb altres p\u00e0gines web de tercers. El GOES Group no es fa responsable de les variacions en relaci\u00f3 amb les informacions, els serveis i el contingut en general d\u2019aquestes p\u00e0gines web.<\/p>\n\n\n\n<h4 class=\"wp-block-heading\">6. T\u00e9 pres\u00e8ncia a altres plataformes i xarxes socials<\/h4>\n\n\n\n<p>Com podreu comprovar al nostre Lloc Web, l\u2019equip del GOES Group utilitza xarxes socials i plataformes (LinkedIn, Instagram i Twitter). Si us plau, tingueu en compte en accedir a qualsevol d\u2019aquestes xarxes o plataformes que les condicions d\u2019\u00fas aplicables s\u00f3n les que cada plataforma t\u00e9 establertes, sobre les quals no tenim cap tipus de control.<\/p>\n\n\n\n<h4 class=\"wp-block-heading\">7. Propietat Intel\u00b7lectual i Industrial<\/h4>\n\n\n\n<p>El Lloc Web, el Curs i tots els seus continguts (entre els quals es troben, a t\u00edtol enunciatiu i no limitatiu, les marques, logotips, textos, fotografies, icones, imatges, gr\u00e0fics, tecnologia, links, continguts audiovisuals o sonors, etc.), aix\u00ed com el disseny gr\u00e0fic, codi font i altres elements de software continguts al present Lloc Web, s\u00f3n titularitat de GOES Group, s\u2019han degudament llicenciat a favor seu i estan subjectes a drets de propietat intel\u00b7lectual i industrial protegits per la legislaci\u00f3 espanyola. Per aix\u00f2, si vol realitzar actes d\u2019explotaci\u00f3 del Lloc Web o dels seus continguts (reproduir-los, transformar-los, comunicar-los, etc., m\u00e9s enll\u00e0 de les activitats autoritzades per la Llei de Propietat Intel\u00b7lectual) necessita obtenir pr\u00e8viament el nostre consentiment per escrit (dades de contacte a la cap\u00e7alera del present Av\u00eds Legal), amb independ\u00e8ncia de les finalitats que el moguin. Aix\u00ed mateix, queda prohibit eliminar les dades identificatives del GOES Group, com a titular dels drets de Propietat Intel\u00b7lectual i Industrial del Lloc Web o els seus continguts.<\/p>\n\n\n\n<p>Finalment, accepta concedir una llic\u00e8ncia d\u2019\u00fas gratu\u00efta, sense limitaci\u00f3 territorial i per la m\u00e0xima extensi\u00f3 temporal permesa per la Llei, sobre els continguts que pugi al Lloc Web per qualsevol mitj\u00e0 o canal.<\/p>\n\n\n\n<p>La responsabilitat derivada de l\u2019\u00fas sense autoritzaci\u00f3 de materials protegits pels drets de Propietat Intel\u00b7lectual i Industrial continguts en aquest Lloc Web correspondr\u00e0 exclusivament a l\u2019usuari.<\/p>\n\n\n\n<p>El fet que no li sol\u00b7licitem que cessi de realitzar un \u00fas il\u00b7l\u00edcit o contrari als continguts del present Av\u00eds Legal no pot ser ent\u00e8s en cap cas com un consentiment o autoritzaci\u00f3 per a aquest \u00fas. Tampoc constitueix una ren\u00fancia a l\u2019exercici de les accions legals que ens puguin correspondre.<\/p>\n\n\n\n<h4 class=\"wp-block-heading\">8. Responsabilitats pel funcionament del Lloc Web<\/h4>\n\n\n\n<p>\u00c9s important que recordi que li correspon tenir disponibles les eines per a la detenci\u00f3 i desinfecci\u00f3 de programes inform\u00e0tics nocius. Tot i que el GOES Group s\u2019esfor\u00e7a per mantenir el Lloc Web lliure de virus, cucs o qualsevol altre element inform\u00e0tic nociu, no podem garantir-ne la completa abs\u00e8ncia.<\/p>\n\n\n\n<p>Aix\u00ed mateix, el GOES Group no es responsabilitza dels danys produ\u00efts al software i equips inform\u00e0tics dels usuaris durant la utilitzaci\u00f3 dels serveis oferts al Lloc Web, ni dels danys o perjudicis de qualsevol tipus que li siguin causats que portin causa de fallades o desconnexions a les xarxes de telecomunicacions que produeixin la suspensi\u00f3, cancel\u00b7laci\u00f3 o interrupci\u00f3 del servei.<\/p>\n\n\n\n<h4 class=\"wp-block-heading\">9. Compleix amb la legalitat en mat\u00e8ria de responsabilitats<\/h4>\n\n\n\n<p>El GOES Group vetlla per l\u2019exactitud de les dades que apareixen publicades al Lloc Web. Si us plau, si detecta algun error en aquests, posis en contacte amb nosaltres a l\u2019adre\u00e7a de correu electr\u00f2nic <a href=\"mailto:goesresearchgroup@althaia.cat\">goesresearchgroup@althaia.cat<\/a>.<\/p>\n\n\n\n<p>No obstant aix\u00f2, i malgrat els nostres esfor\u00e7os, Internet no \u00e9s un mitj\u00e0 inexpugnable, per la qual cosa no podem garantir que els continguts i les informacions es mostrin sempre actualitzats en la seva varrer\u00e1 versi\u00f3. Sempre que sigui possible, l&#8217;informarem de qualsevol interrupci\u00f3 que afecti la informaci\u00f3 mostrada al Lloc Web. Aix\u00ed mateix, el GOES Group no ser\u00e0 responsable de l\u2019error en l\u2019acc\u00e9s a diferents p\u00e0gines del Lloc Web, quan aquests siguin causats per motius fora del nostre control.<\/p>\n\n\n\n<p>El GOES Group no ser\u00e0 responsable del mal \u00fas que els usuaris puguin fer del Lloc Web o dels seus continguts, ni dels usos que siguin contraris a la bona fe, a la legalitat o al present Av\u00eds Legal. Aix\u00ed mateix, el GOES Group declina qualsevol responsabilitat derivada de la infracci\u00f3 de drets de propietat intel\u00b7lectual de qualsevol mena per part dels usuaris.<\/p>\n\n\n\n<p>No podem tampoc controlar ni gestionar la integritat, el funcionament i la veracitat dels enlla\u00e7os que puguin apar\u00e8ixer al Lloc Web a llocs d\u2019Internet que no s\u00f3n de la nostra titularitat. Per aix\u00f2, declinem qualsevol responsabilitat sobre aquests.<\/p>\n\n\n\n<h4 class=\"wp-block-heading\">10. Durada de les condicions d\u2019\u00fas<\/h4>\n\n\n\n<p>Per adaptar el text legal a la realitat del Lloc Web, ens reservem el dret de modificar-lo o actualitzar-lo en qualsevol moment, per la qual cosa li recomanem consultar-lo amb freq\u00fc\u00e8ncia.<\/p>\n\n\n\n<p>Si qualsevol cl\u00e0usula inclosa en aquest Av\u00eds Legal fos declarada totalment o parcialment nul\u00b7la o inefica\u00e7, aquesta nul\u00b7litat o inefic\u00e0cia nom\u00e9s afectar\u00e0 aquesta cl\u00e0usula o la part que resulti nul\u00b7la o inefica\u00e7, subsistint el present Av\u00eds Legal en tota la resta.<\/p>\n\n\n\n<h4 class=\"wp-block-heading\">11. El \u200b\u200bconvidem a comunicar qualsevol comentari o dubte<\/h4>\n\n\n\n<p>Posem a la seva disposici\u00f3 el correu electr\u00f2nic <a href=\"mailto:goesresearchgroup@althaia.cat\">goesresearchgroup@althaia.cat<\/a> perqu\u00e8 l\u2019utilitzi sempre que tingueu algun dubte, consulta o comentari, sobre el contingut del Lloc Web. Pel que fa als termes legals del mateix, pot posar-se en contacte amb <a href=\"mailto:althaia@althaia.cat\">althaia@althaia.cat<\/a>.<\/p>\n\n\n\n<p>Aix\u00ed mateix, si detecta algun error en la informaci\u00f3 oferta o en la configuraci\u00f3, actualitzaci\u00f3 i contingut del Lloc Web, li agrair\u00edem que ho posi en coneixement del GOES Group a l\u2019adre\u00e7a anteriorment referida.<\/p>\n\n\n\n<h4 class=\"wp-block-heading\">12. Normativa aplicable i jurisdicci\u00f3<\/h4>\n\n\n\n<p>Aquest Av\u00eds Legal es regir\u00e0 i interpretar\u00e0 conforme a la legislaci\u00f3 espanyola, igual que la resoluci\u00f3 de qualsevol controv\u00e8rsia o diverg\u00e8ncia relacionada amb aquest Lloc Web. L\u2019\u00fas dels serveis d\u2019aquest lloc web suposa l\u2019acceptaci\u00f3 expressa de la jurisdicci\u00f3 espanyola.<\/p>\n\n\n\n<p>Aix\u00ed mateix, les parts acorden que qualsevol litigi, discrep\u00e0ncia, q\u00fcesti\u00f3 o reclamaci\u00f3 resultant de l\u2019execuci\u00f3 i interpretaci\u00f3 del present Av\u00eds Legal o relacionades amb aquest o d\u2019altres textos que puguin ser al present Lloc Web, es resoldr\u00e0 als Jutjats i Tribunals de Manresa amb ren\u00fancia expressa a qualsevol altre dret o demarcaci\u00f3 jurisdiccional que pugui resultar competent (llevat que hi hagi un conflicte protegit per llei, cas en qu\u00e8 seria aplicable preferent el lloc designat en la legislaci\u00f3 aplicable).<\/p>\n\n\n\n<p><em>Data darrera d\u2019actualitzaci\u00f3: febrer de 2022.<\/em><\/p>\n\n\n\n<p><\/p>\n","protected":false},"excerpt":{"rendered":"<p>En aquest document trobar\u00e0 tota la informaci\u00f3 necess\u00e0ria sobre els serveis que ofereix ALTHAIA, XARXA ASSISTENCIAL&hellip;<\/p>\n","protected":false},"author":1,"featured_media":0,"parent":0,"menu_order":0,"comment_status":"closed","ping_status":"closed","template":"","meta":{"_acf_changed":false,"_uag_custom_page_level_css":"","site-sidebar-layout":"default","site-content-layout":"default","ast-site-content-layout":"default","site-content-style":"default","site-sidebar-style":"default","ast-global-header-display":"","ast-banner-title-visibility":"","ast-main-header-display":"","ast-hfb-above-header-display":"","ast-hfb-below-header-display":"","ast-hfb-mobile-header-display":"","site-post-title":"","ast-breadcrumbs-content":"","ast-featured-img":"","footer-sml-layout":"","theme-transparent-header-meta":"default","adv-header-id-meta":"","stick-header-meta":"","header-above-stick-meta":"","header-main-stick-meta":"","header-below-stick-meta":"","astra-migrate-meta-layouts":"default","ast-page-background-enabled":"default","ast-page-background-meta":{"desktop":{"background-color":"var(--ast-global-color-4)","background-image":"","background-repeat":"repeat","background-position":"center center","background-size":"auto","background-attachment":"scroll","background-type":"","background-media":"","overlay-type":"","overlay-color":"","overlay-opacity":"","overlay-gradient":""},"tablet":{"background-color":"","background-image":"","background-repeat":"repeat","background-position":"center center","background-size":"auto","background-attachment":"scroll","background-type":"","background-media":"","overlay-type":"","overlay-color":"","overlay-opacity":"","overlay-gradient":""},"mobile":{"background-color":"","background-image":"","background-repeat":"repeat","background-position":"center center","background-size":"auto","background-attachment":"scroll","background-type":"","background-media":"","overlay-type":"","overlay-color":"","overlay-opacity":"","overlay-gradient":""}},"ast-content-background-meta":{"desktop":{"background-color":"var(--ast-global-color-5)","background-image":"","background-repeat":"repeat","background-position":"center center","background-size":"auto","background-attachment":"scroll","background-type":"","background-media":"","overlay-type":"","overlay-color":"","overlay-opacity":"","overlay-gradient":""},"tablet":{"background-color":"var(--ast-global-color-5)","background-image":"","background-repeat":"repeat","background-position":"center center","background-size":"auto","background-attachment":"scroll","background-type":"","background-media":"","overlay-type":"","overlay-color":"","overlay-opacity":"","overlay-gradient":""},"mobile":{"background-color":"var(--ast-global-color-5)","background-image":"","background-repeat":"repeat","background-position":"center center","background-size":"auto","background-attachment":"scroll","background-type":"","background-media":"","overlay-type":"","overlay-color":"","overlay-opacity":"","overlay-gradient":""}},"footnotes":""},"class_list":["post-1791","page","type-page","status-publish","hentry"],"acf":[],"uagb_featured_image_src":{"full":false,"thumbnail":false,"medium":false,"medium_large":false,"large":false,"1536x1536":false,"2048x2048":false,"gs-tiny":false,"xl":false,"xxl":false,"xxxl":false,"xxxxl":false,"xxxxxl":false,"featured":false},"uagb_author_info":{"display_name":"admin_tresipunt","author_link":"https:\/\/goesresearchgroup.com\/ca\/blog\/author\/admin_tresipunt\/"},"uagb_comment_info":0,"uagb_excerpt":"En aquest document trobar\u00e0 tota la informaci\u00f3 necess\u00e0ria sobre els serveis que ofereix ALTHAIA, XARXA ASSISTENCIAL&hellip;","_links":{"self":[{"href":"https:\/\/goesresearchgroup.com\/ca\/wp-json\/wp\/v2\/pages\/1791","targetHints":{"allow":["GET"]}}],"collection":[{"href":"https:\/\/goesresearchgroup.com\/ca\/wp-json\/wp\/v2\/pages"}],"about":[{"href":"https:\/\/goesresearchgroup.com\/ca\/wp-json\/wp\/v2\/types\/page"}],"author":[{"embeddable":true,"href":"https:\/\/goesresearchgroup.com\/ca\/wp-json\/wp\/v2\/users\/1"}],"replies":[{"embeddable":true,"href":"https:\/\/goesresearchgroup.com\/ca\/wp-json\/wp\/v2\/comments?post=1791"}],"version-history":[{"count":2,"href":"https:\/\/goesresearchgroup.com\/ca\/wp-json\/wp\/v2\/pages\/1791\/revisions"}],"predecessor-version":[{"id":3067,"href":"https:\/\/goesresearchgroup.com\/ca\/wp-json\/wp\/v2\/pages\/1791\/revisions\/3067"}],"wp:attachment":[{"href":"https:\/\/goesresearchgroup.com\/ca\/wp-json\/wp\/v2\/media?parent=1791"}],"curies":[{"name":"wp","href":"https:\/\/api.w.org\/{rel}","templated":true}]}}