{"id":912,"date":"2021-09-07T11:13:08","date_gmt":"2021-09-07T11:13:08","guid":{"rendered":"https:\/\/goesresearchgroup.com\/lines-of-research\/"},"modified":"2026-04-09T15:14:29","modified_gmt":"2026-04-09T13:14:29","slug":"linies-de-recerca","status":"publish","type":"page","link":"https:\/\/goesresearchgroup.com\/ca\/linies-de-recerca\/","title":{"rendered":"Programes de recerca"},"content":{"rendered":"\n<div class=\"inherit-container-width wp-block-group block-lines-research is-layout-constrained wp-block-group-is-layout-constrained\"><div class=\"wp-block-group__inner-container\">\n<h3 class=\"wp-block-heading line-research-heading has-white-color has-text-color has-background\" style=\"background-color:#0072cf;font-size:30px\">1. Risk Stratification, Precision Diagnostics and Clinical Decision Modelling<\/h3>\n\n\n\n<p>Millorar la presa de decisions cl\u00edniques abans de la intervenci\u00f3 mitjan\u00e7ant models predictius, biomarcadors, IA i dades del m\u00f3n real. <\/p>\n\n\n\n<div class=\"wp-block-pb-accordion-item c-accordion__item js-accordion-item no-js line-research-content box-shadow\" data-initially-open=\"false\" data-click-to-close=\"true\" data-auto-close=\"false\" data-scroll=\"false\" data-scroll-offset=\"0\"><h4 id=\"at-9120\" class=\"c-accordion__title js-accordion-controller\" role=\"button\"><strong>1.1 Cribratge personalitzat i implementaci\u00f3 poblacional<\/strong><\/h4><div id=\"ac-9120\" class=\"c-accordion__content\">\n<ul class=\"wp-block-list\">\n<li>Cribratge adaptat al risc (pr\u00f2stata, CCR)<\/li>\n\n\n\n<li>Integraci\u00f3 prim\u00e0ria-hospital<\/li>\n\n\n\n<li>Models de salut p\u00fablica basats en risc<\/li>\n<\/ul>\n<\/div><\/div>\n\n\n\n<div class=\"wp-block-pb-accordion-item c-accordion__item js-accordion-item no-js line-research-content box-shadow\" data-initially-open=\"false\" data-click-to-close=\"true\" data-auto-close=\"false\" data-scroll=\"false\" data-scroll-offset=\"0\"><h4 id=\"at-9129\" class=\"c-accordion__title js-accordion-controller\" role=\"button\"><strong>1.2 Biomarcadors moleculars i diagn\u00f2stic de precisi\u00f3<\/strong><\/h4><div id=\"ac-9129\" class=\"c-accordion__content\">\n<ul class=\"wp-block-list\">\n<li>MicroRNAs fecals<\/li>\n\n\n\n<li>ctDNA i biomarcadors circulants<\/li>\n\n\n\n<li>Integraci\u00f3 gen\u00f2mica cl\u00ednica<\/li>\n<\/ul>\n<\/div><\/div>\n\n\n\n<div class=\"wp-block-pb-accordion-item c-accordion__item js-accordion-item no-js line-research-content box-shadow\" data-initially-open=\"false\" data-click-to-close=\"true\" data-auto-close=\"false\" data-scroll=\"false\" data-scroll-offset=\"0\"><h4 id=\"at-91212\" class=\"c-accordion__title js-accordion-controller\" role=\"button\"><strong>1.3 Models predictius i suport a la decisi\u00f3 cl\u00ednica<\/strong><\/h4><div id=\"ac-91212\" class=\"c-accordion__content\">\n<ul class=\"wp-block-list\">\n<li>Models multivariables cl\u00ednic-molecular<\/li>\n\n\n\n<li>IA aplicada a prioritzaci\u00f3 diagn\u00f2stica<\/li>\n\n\n\n<li>Validaci\u00f3 prospectiva i impacte en circuits assistencials<\/li>\n<\/ul>\n<\/div><\/div>\n\n\n\n<div class=\"wp-block-pb-accordion-item c-accordion__item js-accordion-item no-js line-research-content box-shadow\" data-initially-open=\"false\" data-click-to-close=\"true\" data-auto-close=\"false\" data-scroll=\"false\" data-scroll-offset=\"0\"><h4 id=\"at-91213\" class=\"c-accordion__title js-accordion-controller\" role=\"button\"><strong>1.4 Recerca basada en registres i Real-World Data<\/strong><\/h4><div id=\"ac-91213\" class=\"c-accordion__content\">\n<ul class=\"wp-block-list\">\n<li>An\u00e0lisi de grans cohorts<\/li>\n\n\n\n<li>Harmonitzaci\u00f3 OMOP<\/li>\n\n\n\n<li>Desenvolupament de guies i consensos<\/li>\n<\/ul>\n<\/div><\/div>\n\n\n\n<h3 class=\"wp-block-heading line-research-heading has-white-color has-text-color has-background\" style=\"background-color:#0072cf;font-size:30px\">2. Minimally Invasive and Advanced Surgical-Endoscopic Innovation <\/h3>\n\n\n\n<p>Optimitzar els tractaments quir\u00fargics i endosc\u00f2pics mitjan\u00e7ant innovaci\u00f3 tecnol\u00f2gica, benchmarking internacional i reducci\u00f3 de variabilitat.<\/p>\n\n\n\n<div class=\"wp-block-pb-accordion-item c-accordion__item js-accordion-item no-js line-research-content box-shadow\" data-initially-open=\"false\" data-click-to-close=\"true\" data-auto-close=\"false\" data-scroll=\"false\" data-scroll-offset=\"0\"><h4 id=\"at-9122\" class=\"c-accordion__title js-accordion-controller\" role=\"button\"><strong>2.1 Cirurgia colorectal m\u00ednimament invasiva i rob\u00f2tica<\/strong><\/h4><div id=\"ac-9122\" class=\"c-accordion__content\">\n<ul class=\"wp-block-list\">\n<li>Resultats oncol\u00f2gics<\/li>\n\n\n\n<li>Benchmarking europeu<\/li>\n\n\n\n<li>Optimitzaci\u00f3 perioerpat\u00f2ria<\/li>\n<\/ul>\n<\/div><\/div>\n\n\n\n<div class=\"wp-block-pb-accordion-item c-accordion__item js-accordion-item no-js line-research-content box-shadow\" data-initially-open=\"false\" data-click-to-close=\"true\" data-auto-close=\"false\" data-scroll=\"false\" data-scroll-offset=\"0\"><h4 id=\"at-9123\" class=\"c-accordion__title js-accordion-controller\" role=\"button\"><strong>2.2 Innovaci\u00f3 en dispositius i enginyeria biom\u00e8dica<\/strong><\/h4><div id=\"ac-9123\" class=\"c-accordion__content\">\n<ul class=\"wp-block-list\">\n<li>Impressi\u00f3 3D personalitzada<\/li>\n\n\n\n<li>Desenvolupament de materials quir\u00fargics<\/li>\n\n\n\n<li>Transfer\u00e8ncia industrial i regulaci\u00f3 MDR<\/li>\n<\/ul>\n<\/div><\/div>\n\n\n\n<div class=\"wp-block-pb-accordion-item c-accordion__item js-accordion-item no-js line-research-content box-shadow\" data-initially-open=\"false\" data-click-to-close=\"true\" data-auto-close=\"false\" data-scroll=\"false\" data-scroll-offset=\"0\"><h4 id=\"at-9124\" class=\"c-accordion__title js-accordion-controller\" role=\"button\"><strong>2.3 Endosc\u00f2pia avan\u00e7ada i qualitat procedimental<\/strong><\/h4><div id=\"ac-9124\" class=\"c-accordion__content\">\n<ul class=\"wp-block-list\">\n<li>Optical diagnosis<\/li>\n\n\n\n<li>IA en detecci\u00f3 adenomes<\/li>\n\n\n\n<li>Estandarditzaci\u00f3 i reducci\u00f3 de variabilitat<\/li>\n<\/ul>\n<\/div><\/div>\n\n\n\n<div class=\"wp-block-pb-accordion-item c-accordion__item js-accordion-item no-js line-research-content box-shadow\" data-initially-open=\"false\" data-click-to-close=\"true\" data-auto-close=\"false\" data-scroll=\"false\" data-scroll-offset=\"0\"><h4 id=\"at-9125\" class=\"c-accordion__title js-accordion-controller\" role=\"button\"><strong>2.4 Optimitzaci\u00f3 periintervencional<\/strong><\/h4><div id=\"ac-9125\" class=\"c-accordion__content\">\n<ul class=\"wp-block-list\">\n<li>Gesti\u00f3 farmacol\u00f2gica<\/li>\n\n\n\n<li>Protocols de seguretat<\/li>\n\n\n\n<li>Estrat\u00e8gies de preparaci\u00f3 intestinal<\/li>\n<\/ul>\n<\/div><\/div>\n\n\n\n<h3 class=\"wp-block-heading line-research-heading has-white-color has-text-color has-background\" style=\"background-color:#0072cf;font-size:30px\">3. Functional Outcomes, Survivorship and Translational Care Innovation <\/h3>\n\n\n\n<p>Millorar la qualitat de vida, el seguiment funcional i la monitoritzaci\u00f3 biomarcadora despr\u00e9s de la intervenci\u00f3. <\/p>\n\n\n\n<div class=\"wp-block-pb-accordion-item c-accordion__item js-accordion-item no-js line-research-content box-shadow\" data-initially-open=\"false\" data-click-to-close=\"true\" data-auto-close=\"false\" data-scroll=\"false\" data-scroll-offset=\"0\"><h4 id=\"at-9126\" class=\"c-accordion__title js-accordion-controller\" role=\"button\"><strong>3.1 Resultats funcionals postquir\u00fargics<\/strong><\/h4><div id=\"ac-9126\" class=\"c-accordion__content\">\n<ul class=\"wp-block-list\">\n<li>Funci\u00f3 anorectal<\/li>\n\n\n\n<li>Disfunci\u00f3 urin\u00e0ria<\/li>\n\n\n\n<li>Rehabilitaci\u00f3 pelviana<\/li>\n<\/ul>\n<\/div><\/div>\n\n\n\n<div class=\"wp-block-pb-accordion-item c-accordion__item js-accordion-item no-js line-research-content box-shadow\" data-initially-open=\"false\" data-click-to-close=\"true\" data-auto-close=\"false\" data-scroll=\"false\" data-scroll-offset=\"0\"><h4 id=\"at-9127\" class=\"c-accordion__title js-accordion-controller\" role=\"button\"><strong>3.2 Innovaci\u00f3 en dispositius per qualitat de vida<\/strong><\/h4><div id=\"ac-9127\" class=\"c-accordion__content\">\n<ul class=\"wp-block-list\">\n<li>Dispositius no invasius<\/li>\n\n\n\n<li>Desenvolupament i patentatge<\/li>\n\n\n\n<li>Validaci\u00f3 cl\u00ednica<\/li>\n<\/ul>\n<\/div><\/div>\n\n\n\n<div class=\"wp-block-pb-accordion-item c-accordion__item js-accordion-item no-js line-research-content box-shadow\" data-initially-open=\"false\" data-click-to-close=\"true\" data-auto-close=\"false\" data-scroll=\"false\" data-scroll-offset=\"0\"><h4 id=\"at-9128\" class=\"c-accordion__title js-accordion-controller\" role=\"button\"><strong>3.3 Biomarcadors en seguiment i recaiguda<\/strong><\/h4><div id=\"ac-9128\" class=\"c-accordion__content\">\n<ul class=\"wp-block-list\">\n<li>ctDNA personalitzat<\/li>\n\n\n\n<li>Biomarcadors predictius de toxicitat<\/li>\n\n\n\n<li>Monitoritzaci\u00f3 translacional<\/li>\n<\/ul>\n<\/div><\/div>\n\n\n\n<div class=\"wp-block-pb-accordion-item c-accordion__item js-accordion-item no-js line-research-content box-shadow\" data-initially-open=\"false\" data-click-to-close=\"true\" data-auto-close=\"false\" data-scroll=\"false\" data-scroll-offset=\"0\"><h4 id=\"at-91215\" class=\"c-accordion__title js-accordion-controller\" role=\"button\"><strong>3.4 Survivorship i models assistencials estructurats<\/strong><\/h4><div id=\"ac-91215\" class=\"c-accordion__content\">\n<ul class=\"wp-block-list\">\n<li>PROMS integrats<\/li>\n\n\n\n<li>Seguiment multidisciplinari<\/li>\n\n\n\n<li>Implementaci\u00f3 en circuits hospitalaris<\/li>\n<\/ul>\n<\/div><\/div>\n<\/div><\/div>\n","protected":false},"excerpt":{"rendered":"<p>1. Risk Stratification, Precision Diagnostics and Clinical Decision Modelling Millorar la presa de decisions cl\u00edniques abans&hellip;<\/p>\n","protected":false},"author":1,"featured_media":1398,"parent":0,"menu_order":0,"comment_status":"closed","ping_status":"closed","template":"","meta":{"_acf_changed":false,"_uag_custom_page_level_css":"","site-sidebar-layout":"no-sidebar","site-content-layout":"plain-container","ast-site-content-layout":"normal-width-container","site-content-style":"unboxed","site-sidebar-style":"unboxed","ast-global-header-display":"","ast-banner-title-visibility":"","ast-main-header-display":"","ast-hfb-above-header-display":"","ast-hfb-below-header-display":"","ast-hfb-mobile-header-display":"","site-post-title":"","ast-breadcrumbs-content":"","ast-featured-img":"","footer-sml-layout":"","theme-transparent-header-meta":"default","adv-header-id-meta":"","stick-header-meta":"","header-above-stick-meta":"","header-main-stick-meta":"","header-below-stick-meta":"","astra-migrate-meta-layouts":"set","ast-page-background-enabled":"default","ast-page-background-meta":{"desktop":{"background-color":"var(--ast-global-color-4)","background-image":"","background-repeat":"repeat","background-position":"center center","background-size":"auto","background-attachment":"scroll","background-type":"","background-media":"","overlay-type":"","overlay-color":"","overlay-opacity":"","overlay-gradient":""},"tablet":{"background-color":"","background-image":"","background-repeat":"repeat","background-position":"center center","background-size":"auto","background-attachment":"scroll","background-type":"","background-media":"","overlay-type":"","overlay-color":"","overlay-opacity":"","overlay-gradient":""},"mobile":{"background-color":"","background-image":"","background-repeat":"repeat","background-position":"center center","background-size":"auto","background-attachment":"scroll","background-type":"","background-media":"","overlay-type":"","overlay-color":"","overlay-opacity":"","overlay-gradient":""}},"ast-content-background-meta":{"desktop":{"background-color":"var(--ast-global-color-5)","background-image":"","background-repeat":"repeat","background-position":"center center","background-size":"auto","background-attachment":"scroll","background-type":"","background-media":"","overlay-type":"","overlay-color":"","overlay-opacity":"","overlay-gradient":""},"tablet":{"background-color":"var(--ast-global-color-5)","background-image":"","background-repeat":"repeat","background-position":"center center","background-size":"auto","background-attachment":"scroll","background-type":"","background-media":"","overlay-type":"","overlay-color":"","overlay-opacity":"","overlay-gradient":""},"mobile":{"background-color":"var(--ast-global-color-5)","background-image":"","background-repeat":"repeat","background-position":"center center","background-size":"auto","background-attachment":"scroll","background-type":"","background-media":"","overlay-type":"","overlay-color":"","overlay-opacity":"","overlay-gradient":""}},"footnotes":""},"class_list":["post-912","page","type-page","status-publish","has-post-thumbnail","hentry"],"acf":[],"uagb_featured_image_src":{"full":["https:\/\/goesresearchgroup.com\/wp-content\/uploads\/2021\/11\/Capcalera-LINES-OF-RESEARCH2-scaled.jpg",2560,619,false],"thumbnail":["https:\/\/goesresearchgroup.com\/wp-content\/uploads\/2021\/11\/Capcalera-LINES-OF-RESEARCH2-150x150.jpg",150,150,true],"medium":["https:\/\/goesresearchgroup.com\/wp-content\/uploads\/2021\/11\/Capcalera-LINES-OF-RESEARCH2-300x73.jpg",300,73,true],"medium_large":["https:\/\/goesresearchgroup.com\/wp-content\/uploads\/2021\/11\/Capcalera-LINES-OF-RESEARCH2-768x186.jpg",768,186,true],"large":["https:\/\/goesresearchgroup.com\/wp-content\/uploads\/2021\/11\/Capcalera-LINES-OF-RESEARCH2-1200x290.jpg",1200,290,true],"1536x1536":["https:\/\/goesresearchgroup.com\/wp-content\/uploads\/2021\/11\/Capcalera-LINES-OF-RESEARCH2-1536x372.jpg",1536,372,true],"2048x2048":["https:\/\/goesresearchgroup.com\/wp-content\/uploads\/2021\/11\/Capcalera-LINES-OF-RESEARCH2-2048x496.jpg",2048,496,true],"gs-tiny":["https:\/\/goesresearchgroup.com\/wp-content\/uploads\/2021\/11\/Capcalera-LINES-OF-RESEARCH2-scaled.jpg",50,12,false],"xl":["https:\/\/goesresearchgroup.com\/wp-content\/uploads\/2021\/11\/Capcalera-LINES-OF-RESEARCH2-scaled.jpg",1600,387,false],"xxl":["https:\/\/goesresearchgroup.com\/wp-content\/uploads\/2021\/11\/Capcalera-LINES-OF-RESEARCH2-scaled.jpg",2200,532,false],"xxxl":["https:\/\/goesresearchgroup.com\/wp-content\/uploads\/2021\/11\/Capcalera-LINES-OF-RESEARCH2-scaled.jpg",2560,619,false],"xxxxl":["https:\/\/goesresearchgroup.com\/wp-content\/uploads\/2021\/11\/Capcalera-LINES-OF-RESEARCH2-scaled.jpg",2560,619,false],"xxxxxl":["https:\/\/goesresearchgroup.com\/wp-content\/uploads\/2021\/11\/Capcalera-LINES-OF-RESEARCH2-scaled.jpg",2560,619,false],"featured":["https:\/\/goesresearchgroup.com\/wp-content\/uploads\/2021\/11\/Capcalera-LINES-OF-RESEARCH2-1360x260.jpg",1360,260,true]},"uagb_author_info":{"display_name":"admin_tresipunt","author_link":"https:\/\/goesresearchgroup.com\/ca\/blog\/author\/admin_tresipunt\/"},"uagb_comment_info":0,"uagb_excerpt":"1. Risk Stratification, Precision Diagnostics and Clinical Decision Modelling Millorar la presa de decisions cl\u00edniques abans&hellip;","_links":{"self":[{"href":"https:\/\/goesresearchgroup.com\/ca\/wp-json\/wp\/v2\/pages\/912","targetHints":{"allow":["GET"]}}],"collection":[{"href":"https:\/\/goesresearchgroup.com\/ca\/wp-json\/wp\/v2\/pages"}],"about":[{"href":"https:\/\/goesresearchgroup.com\/ca\/wp-json\/wp\/v2\/types\/page"}],"author":[{"embeddable":true,"href":"https:\/\/goesresearchgroup.com\/ca\/wp-json\/wp\/v2\/users\/1"}],"replies":[{"embeddable":true,"href":"https:\/\/goesresearchgroup.com\/ca\/wp-json\/wp\/v2\/comments?post=912"}],"version-history":[{"count":2,"href":"https:\/\/goesresearchgroup.com\/ca\/wp-json\/wp\/v2\/pages\/912\/revisions"}],"predecessor-version":[{"id":4411,"href":"https:\/\/goesresearchgroup.com\/ca\/wp-json\/wp\/v2\/pages\/912\/revisions\/4411"}],"wp:featuredmedia":[{"embeddable":true,"href":"https:\/\/goesresearchgroup.com\/ca\/wp-json\/wp\/v2\/media\/1398"}],"wp:attachment":[{"href":"https:\/\/goesresearchgroup.com\/ca\/wp-json\/wp\/v2\/media?parent=912"}],"curies":[{"name":"wp","href":"https:\/\/api.w.org\/{rel}","templated":true}]}}