{"id":1780,"date":"2021-11-18T17:54:51","date_gmt":"2021-11-18T17:54:51","guid":{"rendered":"https:\/\/goesresearchgroup.com\/?page_id=1780"},"modified":"2024-11-25T11:38:27","modified_gmt":"2024-11-25T11:38:27","slug":"informacion-de-cookies","status":"publish","type":"page","link":"https:\/\/goesresearchgroup.com\/es\/informacion-de-cookies\/","title":{"rendered":"Informaci\u00f3n de cookies"},"content":{"rendered":"\n<p>Este Sitio Web utiliza cookies propias y de terceras entidades, con la finalidad de brindar una experiencia de navegaci\u00f3n satisfactoria para el usuario, realizar m\u00e9tricas y estad\u00edsticas, as\u00ed como acciones de marketing. Si el usuario no est\u00e1 de acuerdo con alguna de las finalidades, puede personalizar las opciones desde esta pol\u00edtica.<\/p>\n\n\n\n<p>Adem\u00e1s, este sitio web puede disponer de enlaces a sitios web de terceros, cuyas pol\u00edticas de privacidad, pol\u00edticas de cookies y textos legales, son ajenos al titular del presente sitio web. Al acceder a dichos sitios web mediante los mencionados enlaces, el usuario es libre de decidir si acepta o rechaza los mencionados apartados.<\/p>\n\n\n\n<div class=\"wp-block-buttons is-layout-flex wp-block-buttons-is-layout-flex\">\n<div class=\"wp-block-button is-style-outline is-style-outline--1\"><a class=\"wp-block-button__link has-ast-global-color-5-color has-text-color has-link-color wp-element-button\" href=\"#gdpr_cookie_modal\" style=\"border-radius:26px\">Configuraci\u00f3n de Cookies<\/a><\/div>\n<\/div>\n\n\n\n<div style=\"height:30px\" aria-hidden=\"true\" class=\"wp-block-spacer\"><\/div>\n\n\n\n<h4 class=\"wp-block-heading\">1. Definici\u00f3n y funci\u00f3n de las Cookies<\/h4>\n\n\n\n<p>Una cookie es un peque\u00f1o archivo creado por un sitio de Internet para almacenar informaci\u00f3n en su equipo, como, por ejemplo, las preferencias cuando se visita una web. Cuando se accede a una p\u00e1gina Web que utiliza cookies, \u00e9sta solicita al navegador que guarde una o m\u00e1s cookies en el disco duro. Las cookies a menudo guardan la configuraci\u00f3n de los sitios web, como el idioma preferido o la ubicaci\u00f3n, as\u00ed, cuando el usuario vuelve a esa p\u00e1gina Web, el navegador env\u00eda de nuevo las cookies que le pertenecen, lo que le permite prestar servicio e informaci\u00f3n personalizada en funci\u00f3n de las necesidades. Las cookies tambi\u00e9n pueden llegar a guardar informaci\u00f3n que identifique personalmente a los usuarios, sin embargo, este sitio web no utiliza este tipo de cookies, y s\u00f3lo tendr\u00e1 acceso a la informaci\u00f3n personal que usted proporcione a trav\u00e9s de los formularios de contacto o v\u00eda correo electr\u00f3nico. Se puede cambiar la configuraci\u00f3n de cookies del navegador que usted utiliza, para que le permita aprobar o rechazar autom\u00e1ticamente peticiones de almacenamiento de cookies cuando se cierra el navegador y otras opciones adicionales.<\/p>\n\n\n\n<h4 class=\"wp-block-heading\">2. Tipos de Cookies<\/h4>\n\n\n\n<p>Las cookies se pueden clasificar de forma global atendiendo a tres bloques en funci\u00f3n del \u00e1mbito de estudio:<\/p>\n\n\n\n<h5 class=\"wp-block-heading\">a) Tipos de cookies seg\u00fan la entidad que las gestione<\/h5>\n\n\n\n<p>Seg\u00fan quien sea la entidad que gestiona el dominio del sitio web desde donde se env\u00edan las cookies y se tratan los datos que se obtienen, se tienen:<\/p>\n\n\n\n<p>\u2013 Cookies propias: Aqu\u00e9llas que se env\u00edan al dispositivo del usuario desde la propia p\u00e1gina web que visita.<\/p>\n\n\n\n<p>\u2013 Cookies de terceros: Aqu\u00e9llas que se env\u00edan al dispositivo del usuario desde un dominio que no es gestionado por el titular del dominio que visita el usuario, sino por otra entidad que trata los datos obtenidos trav\u00e9s de las cookies, como por ejemplo Google. Puesto que son estos terceros quienes proceden a su implementaci\u00f3n, el bloqueo y desinstalaci\u00f3n de las mismas se gestiona por sus condiciones y mecanismos espec\u00edficos.<\/p>\n\n\n\n<h5 class=\"wp-block-heading\">b) Tipos de cookies seg\u00fan el tiempo que permanecen activas en el dispositivo:<\/h5>\n\n\n\n<p>Atendiendo al tiempo en el que las cookies permanecen alojadas y activadas en el dispositivo del usuario, se tienen:<\/p>\n\n\n\n<p>\u2013 Cookies de sesi\u00f3n: Dise\u00f1adas para recabar y almacenar datos mientras el usuario accede a una p\u00e1gina web. Estas cookies se almacenan en su dispositivo hasta que finalice la sesi\u00f3n de navegaci\u00f3n del usuario.<\/p>\n\n\n\n<p>\u2013 Cookies persistentes: Dise\u00f1adas para permanecer activas en el dispositivo desde unos minutos, hasta varios a\u00f1os, y los datos siguen almacenados en el dispositivo pudiendo ser accedidos y tratados durante un periodo definido por el responsable de la cookie.<\/p>\n\n\n\n<h5 class=\"wp-block-heading\">c) Tipos de cookies seg\u00fan su finalidad:<\/h5>\n\n\n\n<p>En funci\u00f3n del objetivo por el cual un sitio web emplea cookies, se tienen de forma gen\u00e9rica:<\/p>\n\n\n\n<p>\u2013 Cookies t\u00e9cnicas: Permiten por ejemplo conocer si el usuario ya visit\u00f3 en el pasado el sitio web y acept\u00f3 o rechaz\u00f3 las cookies, identific\u00e1ndolo cuando se conecta al sitio web.<\/p>\n\n\n\n<p>\u2013 Cookies de preferencias: Permiten adaptar la presentaci\u00f3n del sitio web a las preferencias del usuario, por ejemplo, seg\u00fan el idioma utilizado, la resoluci\u00f3n del dispositivo, navegador utilizado, etc. En definitiva, simplemente mejorar la experiencia de usuario.<\/p>\n\n\n\n<p>\u2013 Cookies anal\u00edticas: Permiten, dependiendo de las preferencias del usuario establecer estad\u00edsticas y el volumen de visitas, tr\u00e1fico web, mediciones y de uso de los diferentes elementos que forman el sitio web, al objeto de mejorar el sitio y mejora de los servicios.<\/p>\n\n\n\n<p>\u2013 Cookies de marketing y\/o publicitarias. Son aquellas que se utilizan de forma general para obtener un perfil de usuario para conocer sus preferencias y mostrar publicidad dirigida a la carta. Se puede crear un perfil sobre usted y sus intereses para mostrarle contenido personalizado que le fuera pertinente.<\/p>\n\n\n\n<h4 class=\"wp-block-heading\">3. Revocaci\u00f3n y eliminaci\u00f3n de Cookies<\/h4>\n\n\n\n<p>Con car\u00e1cter general y en cualquier momento, en la navegaci\u00f3n por internet, el usuario puede configurar sus preferencias (aceptar o rechazar las cookies) respecto a nuestro portal y a los terceros que instalan cookies siguiendo cualquiera de las siguientes opciones:<\/p>\n\n\n\n<ul class=\"wp-block-list\">\n<li>Accediendo a \u00a8<a href=\"#gdpr_cookie_modal\" target=\"_blank\" rel=\"noreferrer noopener\">Informaci\u00f3n cookies<\/a>\u00a8, cuyo enlace encontrar\u00e1 en el pie de nuestra p\u00e1gina.<\/li>\n\n\n\n<li>Tambi\u00e9n, puede modificar f\u00e1cilmente las preferencias de su navegador para controlar usted mismo que cookies acceden a su ordenador y cuales prefiere limitar.<\/li>\n<\/ul>\n\n\n\n<p>Para configurar el navegador, desactivar o administrar la instalaci\u00f3n de cookies, y que, de este modo,&nbsp;se borren autom\u00e1ticamente una vez que se cierre el navegador, equipo o dispositivo, puede obtener m\u00e1s informaci\u00f3n haciendo \u201cclick\u201d en los siguientes enlaces que le proporcionamos, en funci\u00f3n del navegador que usted utiliza; por ejemplo:<\/p>\n\n\n\n<p>\u2013&nbsp;<a href=\"https:\/\/support.google.com\/chrome\/answer\/95647?hl=es\" target=\"_blank\" rel=\"noreferrer noopener\">Google Chrome<\/a><br>\u2013&nbsp;<a href=\"https:\/\/support.mozilla.org\/es\/kb\/cookies-informacion-que-los-sitios-web-guardan-en-?redirectlocale=en-US&amp;redirectslug=Cookies\" target=\"_blank\" rel=\"noreferrer noopener\">Mozilla Firefox<\/a><br>\u2013&nbsp;<a href=\"https:\/\/support.microsoft.com\/es-es\/help\/4468242\/microsoft-edge-browsing-data-and-privacy\" target=\"_blank\" rel=\"noreferrer noopener\">Edge<\/a><br>\u2013&nbsp;<a href=\"https:\/\/support.microsoft.com\/es-es\/help\/17442\/windows-internet-explorer-delete-manage-cookies#ie=ie-11\" target=\"_blank\" rel=\"noreferrer noopener\">Internet Explorer<\/a><br>\u2013&nbsp;<a href=\"https:\/\/help.opera.com\/en\/latest\/web-preferences\/\" target=\"_blank\" rel=\"noreferrer noopener\">Opera<\/a><br>\u2013&nbsp;<a href=\"https:\/\/www.apple.com\/legal\/privacy\/es\/cookies\/\" target=\"_blank\" rel=\"noreferrer noopener\">Safari<\/a><\/p>\n\n\n\n<p>De forma general, la mayor\u00eda de los navegadores, permiten el acceso r\u00e1pido a la eliminaci\u00f3n de los datos de navegaci\u00f3n, pulsando la secuencia de teclas Ctrl+Mayus+Supr, pudi\u00e9ndose borrar las Cookies.<\/p>\n\n\n\n<h4 class=\"wp-block-heading\">4. Actualizaci\u00f3n y modificaciones en la Pol\u00edtica de Cookies<\/h4>\n\n\n\n<p>Esta Pol\u00edtica de Cookies y Configuraci\u00f3n, podr\u00e1n ser modificadas en funci\u00f3n de cambios legislativos o con la finalidad de adaptar dicha pol\u00edtica a nuevas necesidades del sitio web o a nuevas instrucciones dictadas desde la Agencia Espa\u00f1ola de Protecci\u00f3n de Datos (A.E.P.D).<\/p>\n\n\n\n<p>Si desea contactar con nosotros respecto nuestra pol\u00edtica de cookies, puede hacerlo en <a href=\"mailto:althaia@althaia.cat\">althaia@althaia.cat<\/a>.<\/p>\n\n\n\n<p><em>\u00daltima actualizaci\u00f3n: febrero de 2022.<\/em><\/p>\n\n\n\n<p><\/p>\n","protected":false},"excerpt":{"rendered":"<p>Este Sitio Web utiliza cookies propias y de terceras entidades, con la finalidad de brindar una&hellip;<\/p>\n","protected":false},"author":1,"featured_media":0,"parent":0,"menu_order":0,"comment_status":"closed","ping_status":"closed","template":"","meta":{"_acf_changed":false,"_uag_custom_page_level_css":"","site-sidebar-layout":"default","site-content-layout":"default","ast-site-content-layout":"default","site-content-style":"default","site-sidebar-style":"default","ast-global-header-display":"","ast-banner-title-visibility":"","ast-main-header-display":"","ast-hfb-above-header-display":"","ast-hfb-below-header-display":"","ast-hfb-mobile-header-display":"","site-post-title":"","ast-breadcrumbs-content":"","ast-featured-img":"","footer-sml-layout":"","theme-transparent-header-meta":"default","adv-header-id-meta":"","stick-header-meta":"","header-above-stick-meta":"","header-main-stick-meta":"","header-below-stick-meta":"","astra-migrate-meta-layouts":"set","ast-page-background-enabled":"default","ast-page-background-meta":{"desktop":{"background-color":"var(--ast-global-color-4)","background-image":"","background-repeat":"repeat","background-position":"center center","background-size":"auto","background-attachment":"scroll","background-type":"","background-media":"","overlay-type":"","overlay-color":"","overlay-opacity":"","overlay-gradient":""},"tablet":{"background-color":"","background-image":"","background-repeat":"repeat","background-position":"center center","background-size":"auto","background-attachment":"scroll","background-type":"","background-media":"","overlay-type":"","overlay-color":"","overlay-opacity":"","overlay-gradient":""},"mobile":{"background-color":"","background-image":"","background-repeat":"repeat","background-position":"center center","background-size":"auto","background-attachment":"scroll","background-type":"","background-media":"","overlay-type":"","overlay-color":"","overlay-opacity":"","overlay-gradient":""}},"ast-content-background-meta":{"desktop":{"background-color":"var(--ast-global-color-5)","background-image":"","background-repeat":"repeat","background-position":"center center","background-size":"auto","background-attachment":"scroll","background-type":"","background-media":"","overlay-type":"","overlay-color":"","overlay-opacity":"","overlay-gradient":""},"tablet":{"background-color":"var(--ast-global-color-5)","background-image":"","background-repeat":"repeat","background-position":"center center","background-size":"auto","background-attachment":"scroll","background-type":"","background-media":"","overlay-type":"","overlay-color":"","overlay-opacity":"","overlay-gradient":""},"mobile":{"background-color":"var(--ast-global-color-5)","background-image":"","background-repeat":"repeat","background-position":"center center","background-size":"auto","background-attachment":"scroll","background-type":"","background-media":"","overlay-type":"","overlay-color":"","overlay-opacity":"","overlay-gradient":""}},"footnotes":""},"class_list":["post-1780","page","type-page","status-publish","hentry"],"acf":[],"uagb_featured_image_src":{"full":false,"thumbnail":false,"medium":false,"medium_large":false,"large":false,"1536x1536":false,"2048x2048":false,"gs-tiny":false,"xl":false,"xxl":false,"xxxl":false,"xxxxl":false,"xxxxxl":false,"featured":false},"uagb_author_info":{"display_name":"admin_tresipunt","author_link":"https:\/\/goesresearchgroup.com\/es\/blog\/author\/admin_tresipunt\/"},"uagb_comment_info":0,"uagb_excerpt":"Este Sitio Web utiliza cookies propias y de terceras entidades, con la finalidad de brindar una&hellip;","_links":{"self":[{"href":"https:\/\/goesresearchgroup.com\/es\/wp-json\/wp\/v2\/pages\/1780","targetHints":{"allow":["GET"]}}],"collection":[{"href":"https:\/\/goesresearchgroup.com\/es\/wp-json\/wp\/v2\/pages"}],"about":[{"href":"https:\/\/goesresearchgroup.com\/es\/wp-json\/wp\/v2\/types\/page"}],"author":[{"embeddable":true,"href":"https:\/\/goesresearchgroup.com\/es\/wp-json\/wp\/v2\/users\/1"}],"replies":[{"embeddable":true,"href":"https:\/\/goesresearchgroup.com\/es\/wp-json\/wp\/v2\/comments?post=1780"}],"version-history":[{"count":3,"href":"https:\/\/goesresearchgroup.com\/es\/wp-json\/wp\/v2\/pages\/1780\/revisions"}],"predecessor-version":[{"id":3912,"href":"https:\/\/goesresearchgroup.com\/es\/wp-json\/wp\/v2\/pages\/1780\/revisions\/3912"}],"wp:attachment":[{"href":"https:\/\/goesresearchgroup.com\/es\/wp-json\/wp\/v2\/media?parent=1780"}],"curies":[{"name":"wp","href":"https:\/\/api.w.org\/{rel}","templated":true}]}}