{"id":1792,"date":"2021-09-21T14:17:49","date_gmt":"2021-09-21T14:17:49","guid":{"rendered":"https:\/\/goesresearchgroup.com\/legal-notice-and-conditions-of-use\/"},"modified":"2024-02-29T11:55:18","modified_gmt":"2024-02-29T11:55:18","slug":"aviso-legal","status":"publish","type":"page","link":"https:\/\/goesresearchgroup.com\/es\/aviso-legal\/","title":{"rendered":"Aviso legal"},"content":{"rendered":"\n<p>En este documento encontrar\u00e1 toda la informaci\u00f3n necesaria sobre los servicios que ofrece ALTHAIA, XARXA ASSISTENCIAL UNIVERSIT\u00c0RIA DE MANRESA, FP. a trav\u00e9s de la p\u00e1gina web. Le invitamos a leerlo con detenimiento y a consultarlo siempre que requiera.<\/p>\n\n\n\n<p>Puede dirigirse a nosotros a la direcci\u00f3n de correo electr\u00f3nico <a href=\"mailto:althaia@althaia.cat\">althaia@althaia.cat<\/a>. Estaremos encantados de atenderle.<\/p>\n\n\n\n<h4 class=\"wp-block-heading\">1. \u00bfQui\u00e9nes somos?<\/h4>\n\n\n\n<p>La p\u00e1gina web <a href=\"http:\/\/www.goesresearchgroup.com\">www.goesresearchgroup.com<\/a> (en adelante, el \u201c<strong>Sitio Web<\/strong>\u201d) es un dominio en Internet titularidad del grupo de investigaci\u00f3n <em>Gastrointestinal Oncology, Endoscopy and Surgery research group <\/em>(en adelante, \u201c<strong>GOES Group<\/strong>\u201d), perteneciente a ALTHAIA, XARXA ASSISTENCIAL UNIVERSIT\u00c0RIA DE MANRESA, FP. (en adelante, \u201c<strong>ALTHAIA<\/strong>\u201d). Los datos identificativos de ALTHAIA son:<\/p>\n\n\n\n<ul class=\"wp-block-list\"><li>C.I.F.: G 58286303<\/li><li>Domicilio: Carrer Dr. Joan Soler, 1-3 &#8211; 08243 Manresa (Barcelona)<\/li><li>Inscrita en el Registre de Fundacions de la Generalitat de Catalunya el d\u00eda 3 de abril de 1987, con el n\u00famero 298<\/li><\/ul>\n\n\n\n<p>Ponemos a su disposici\u00f3n el Sitio Web para facilitarle el acceso a la informaci\u00f3n sobre los proyectos de investigaci\u00f3n, difusi\u00f3n e innovaci\u00f3n en el campo de la Oncolog\u00eda, Endoscop\u00eda y Cirug\u00eda Gastrointestinal, as\u00ed como para la comercializaci\u00f3n de seminarios y cursos.<\/p>\n\n\n\n<h4 class=\"wp-block-heading\">2. Aceptaci\u00f3n de las condiciones de uso<\/h4>\n\n\n\n<p>Navegando por el Sitio Web usted acepta plenamente todas y cada una de las condiciones legales expuestas en el Aviso Legal y en la Pol\u00edtica de Cookies.<\/p>\n\n\n\n<p>Para adaptar los textos legales del Sitio Web a los contenidos del mismo, en cada momento nos reservamos el derecho a realizar las modificaciones oportunas en el Aviso Legal y en la Pol\u00edtica de Cookies.<\/p>\n\n\n\n<h4 class=\"wp-block-heading\">3. Acceso al Sitio Web e informaci\u00f3n sobre GOES Group<\/h4>\n\n\n\n<p>El Sitio Web tiene como objetivo fundamental la difusi\u00f3n de los servicios, proyectos, trabajos de investigaci\u00f3n, noticias y publicaciones del GOES Group, as\u00ed como proporcionar una formaci\u00f3n especializada relacionada con la detecci\u00f3n precoz del c\u00e1ncer colorrectal en las lesiones encontradas durante la colonoscopia; del mismo modo que facilitar informaci\u00f3n de la fundaci\u00f3n.<\/p>\n\n\n\n<p>El acceso al Sitio Web es totalmente gratuito y no requiere el registro de los usuarios, sin embargo, si desea inscribirse en la Plataforma deber\u00e1 registrarse como usuario en el apartado de \u201c<em>Sign Up<\/em>\u201d y continuar con el proceso de compra. Si usted ya es participante activo de la Plataforma, podr\u00e1 acceder a su contenido haciendo clic en el apartado de \u201c<em>Login<\/em>\u201d en el que se le solicitar\u00e1 su nombre de usuario y contrase\u00f1a.<\/p>\n\n\n\n<p>A trav\u00e9s del Sitio Web, le proporcionamos un medio de comunicaci\u00f3n para que pueda contactarnos con la finalidad de recibir informaci\u00f3n de nuestros servicios que puedan ser de su inter\u00e9s, as\u00ed como para dar respuesta a consultas relacionadas con el GOES Group, por lo que velaremos por controlar que en todo momento la informaci\u00f3n que aparezca en el Sitio Web sea veraz, precisa y accesible.<\/p>\n\n\n\n<p>Este Sitio Web, por motivos de seguridad y para la protecci\u00f3n de la transmisi\u00f3n de contenidos confidenciales, utiliza un cifrado SSL o bien TLS. Podr\u00e1 identificar que la conexi\u00f3n es cifrada porque la barra de direcci\u00f3n del navegador cambia de \u00abhttp:\/\/\u00bb a \u00abhttps:\/\/\u00bb y por el s\u00edmbolo de candado en su barra de direcci\u00f3n del navegador. Si est\u00e1 activado el cifrado SSL o TLS, los datos que usted nos transmita no podr\u00e1n ser le\u00eddos por terceros.<\/p>\n\n\n\n<p>El GOES Group no puede garantizar la inexistencia de interrupciones o errores en el acceso al Sitio Web o a su contenido, ni que \u00e9ste se encuentre permanentemente actualizado, sin imprecisiones o inexactitudes. En cualquier caso, nos comprometemos a solucionar los posibles errores, interrupciones en la comunicaci\u00f3n y falta de actualizaci\u00f3n de dichos contenidos lo antes posible.<\/p>\n\n\n\n<h4 class=\"wp-block-heading\">4. Normas de Uso<\/h4>\n\n\n\n<p>Queremos que nuestro Sitio Web sea un sitio agradable para todos. Por ello, al navegar por \u00e9l, se compromete a utilizarlo de conformidad con la ley, las buenas costumbres y de acuerdo con el presente Aviso Legal. Asimismo, garantiza hacer un uso adecuado del contenido del Sitio Web y a no emplearlo para realizar actividades il\u00edcitas o constitutivas de delito, que atenten contra los derechos de terceros y\/o que infrinjan la regulaci\u00f3n sobre propiedad intelectual e industrial, o cualesquiera otras normas del ordenamiento jur\u00eddico aplicable.<\/p>\n\n\n\n<p>La informaci\u00f3n que proporciona el Sitio Web se utilizar\u00e1 \u00fanicamente para los servicios que ofrece el GOES Group.<\/p>\n\n\n\n<p>El usuario se obliga a utilizar la informaci\u00f3n contenida en el presente Sitio Web para sus propias necesidades exclusivamente y a no realizar directa o indirectamente ning\u00fan tipo de explotaci\u00f3n comercial de los contenidos y servicios a los que tiene acceso.<\/p>\n\n\n\n<p>Como usuario del Sitio Web, reconoce y acepta que es el \u00fanico responsable del uso que realice del mismo y de los servicios y contenidos accesibles a trav\u00e9s del Sitio Web.<\/p>\n\n\n\n<p>Por ello, entre otras actividades, el usuario se compromete a:<\/p>\n\n\n\n<p>a) No introducir o difundir contenidos de car\u00e1cter racista, xen\u00f3fobo, pornogr\u00e1fico, de apolog\u00eda del terrorismo o que atenten contra los derechos humanos.<\/p>\n\n\n\n<p>b) No introducir o difundir en la red programas de datos (virus y software nocivo) susceptibles de provocar da\u00f1os en los sistemas inform\u00e1ticos del proveedor de acceso, sus proveedores o terceros Usuarios de la red Internet.<\/p>\n\n\n\n<p>c) No difundir, transmitir o poner a disposici\u00f3n de terceros cualquier tipo de informaci\u00f3n, elemento o contenido que atente contra los derechos fundamentales y las libertades p\u00fablicas reconocidos constitucionalmente y en los tratados internacionales.<\/p>\n\n\n\n<p>d) No difundir, transmitir o poner a disposici\u00f3n de terceros cualquier tipo de informaci\u00f3n, elemento o contenido que constituya publicidad il\u00edcita o desleal.<\/p>\n\n\n\n<p>e) No introducir o difundir cualquier informaci\u00f3n y contenidos falsos, ambiguos o inexactos de forma que induzca a error.<\/p>\n\n\n\n<p>El usuario ser\u00e1 el \u00fanico responsable de los da\u00f1os o perjuicios que se produzcan como consecuencia de un incumplimiento por su parte.<\/p>\n\n\n\n<h4 class=\"wp-block-heading\">5. Enlaces<\/h4>\n\n\n\n<p>Si desea enlazar el Sitio Web en cualquier web, foro, chat, plataforma o red social, est\u00e1 obligado a indicar que no cuenta con nuestra supervisi\u00f3n o autorizaci\u00f3n. En ning\u00fan supuesto se permite enlazar el Sitio Web desde webs, plataformas, foros, chats, blogs o redes sociales contrarias a la ley o a las buenas costumbres, en concreto desde aquellas con contenidos pornogr\u00e1ficos o que atenten contra los derechos humanos.<\/p>\n\n\n\n<p>Es importante aclarar que ning\u00fan enlace supone una vinculaci\u00f3n entre GOES Group y el sitio desde el que vincule al Sitio Web, por lo que no somos responsables de los datos o contenidos que proporcionen.<\/p>\n\n\n\n<p>Este Sitio Web incluye enlaces con otras p\u00e1ginas web de terceros, GOES Group no se hace responsable de las variaciones en relaci\u00f3n con las informaciones, servicios y contenido en general de dichas p\u00e1ginas web.<\/p>\n\n\n\n<h4 class=\"wp-block-heading\">6. Tiene presencia en otras plataformas y redes sociales<\/h4>\n\n\n\n<p>Como podr\u00e1 comprobar en nuestro Sitio Web, el equipo de GOES Group utiliza redes sociales y plataformas (LinkedIn, Instagram y Twitter). Por favor, tenga en cuenta al acceder a cualquiera de estas redes o plataformas que las condiciones de uso aplicables son las que cada plataforma tiene establecidas, sobre las cuales no tenemos ning\u00fan tipo de control.<\/p>\n\n\n\n<h4 class=\"wp-block-heading\">7. Propiedad intelectual e industrial<\/h4>\n\n\n\n<p>El Sitio Web, la Plataforma y todos sus contenidos (entre los que se encuentran, a t\u00edtulo enunciativo y no limitativo, las marcas, logotipos, textos, fotograf\u00edas, iconos, im\u00e1genes, gr\u00e1ficos, tecnolog\u00eda, links, contenidos audiovisuales o sonoros, etc., as\u00ed como el dise\u00f1o gr\u00e1fico, c\u00f3digo fuente y dem\u00e1s elementos de software contenidos en el presente Sitio Web), son titularidad de GOES Group, se hayan debidamente licenciados a su favor y est\u00e1n sujetos a derechos de propiedad intelectual e industrial protegidos por la legislaci\u00f3n espa\u00f1ola. Por ello, si quiere realizar actos de explotaci\u00f3n del Sitio Web o de sus contenidos (reproducirlos, transformarlos, comunicarlos, etc., m\u00e1s all\u00e1 de las actividades autorizadas por la Ley de Propiedad Intelectual) necesita obtener previamente nuestro consentimiento por escrito (datos de contacto en la cabecera del presente Aviso Legal), con independencia de los fines que le muevan. Asimismo, queda prohibido eliminar los datos identificativos de GOES Group, como titular de los derechos de Propiedad Intelectual e Industrial del Sitio Web o sus contenidos.<\/p>\n\n\n\n<p>Por \u00faltimo, acepta conceder una licencia de uso gratuita, sin limitaci\u00f3n territorial y por la m\u00e1xima extensi\u00f3n temporal permitida por la Ley, sobre los contenidos que suba al Sitio Web por cualquier medio o canal.<\/p>\n\n\n\n<p>La responsabilidad derivada del uso sin autorizaci\u00f3n de materiales protegidos por los derechos de propiedad intelectual e industrial contenidos en este Sitio Web corresponder\u00e1 exclusivamente al usuario.<\/p>\n\n\n\n<p>El hecho de que no le solicitemos que cese de realizar un uso il\u00edcito o contrario a los contenidos del presente Aviso Legal no puede ser entendido en ning\u00fan caso como un consentimiento o autorizaci\u00f3n para dicho uso. Tampoco constituye una renuncia al ejercicio de las acciones legales que puedan correspondernos.<\/p>\n\n\n\n<h4 class=\"wp-block-heading\">8. Responsabilidades por el funcionamiento del Sitio Web<\/h4>\n\n\n\n<p>Es importante que recuerde que le corresponde a usted tener disponibles las herramientas para la detenci\u00f3n y desinfecci\u00f3n de programas inform\u00e1ticos da\u00f1inos. A pesar de que GOES Group, se esfuerza por mantener el Sitio Web libre de virus, gusanos o cualquier otro elemento inform\u00e1tico da\u00f1ino, no podemos garantizar su completa ausencia.<\/p>\n\n\n\n<p>Asimismo, GOES Group no se responsabiliza de los da\u00f1os producidos en el software y equipos inform\u00e1ticos de los usuarios durante la utilizaci\u00f3n de los servicios ofrecidos en el Sitio Web, ni de los da\u00f1os o perjuicios de cualquier tipo que le sean causados que traigan causa de fallos o desconexiones en las redes de telecomunicaciones que produzcan la suspensi\u00f3n, cancelaci\u00f3n o interrupci\u00f3n del servicio.<\/p>\n\n\n\n<h4 class=\"wp-block-heading\">9. Cumple con la legalidad en materia de responsabilidades<\/h4>\n\n\n\n<p>GOES Group vela por la exactitud de los datos que aparecen publicados en el Sitio Web. Por favor, si detecta alg\u00fan error en los mismos, p\u00f3ngase en contacto con nosotros en la direcci\u00f3n de correo electr\u00f3nico <a href=\"mailto:goesresearchgroup@althaia.cat\">goesresearchgroup@althaia.cat<\/a>.<\/p>\n\n\n\n<p>Sin embargo, y a pesar de nuestros esfuerzos, internet no es un medio inexpugnable, por lo que no podemos garantizar que los contenidos e informaciones se muestren siempre actualizados en su \u00faltima versi\u00f3n. Siempre que fuese posible, le informaremos de cualquier interrupci\u00f3n que afecte a la informaci\u00f3n mostrada en el Sitio Web. Asimismo, GOES Group no ser\u00e1 responsable del error en el acceso a distintas p\u00e1ginas del Sitio Web, cuando estos sean causados por motivos que est\u00e9n fuera de nuestro control.<\/p>\n\n\n\n<p>GOES Group no ser\u00e1 responsable del mal uso que los usuarios puedan hacer del Sitio Web o sus contenidos, ni de aquellos usos que sean contrarios a la buena fe, a la legalidad o al presente Aviso Legal. Asimismo, GOES Group declina cualquier responsabilidad derivada de la infracci\u00f3n de derechos de propiedad intelectual de cualquier clase por parte de los usuarios.<\/p>\n\n\n\n<p>No podemos tampoco controlar ni gestionar la integridad, funcionamiento y veracidad de los enlaces que puedan aparecer en el Sitio Web a sitios de internet que no son de nuestra titularidad. Por ello, declinamos cualquier responsabilidad sobre los mismos.<\/p>\n\n\n\n<h4 class=\"wp-block-heading\">10. Duraci\u00f3n de las condiciones de uso<\/h4>\n\n\n\n<p>Para adaptar el texto legal a la realidad del Sitio Web, nos reservamos el derecho de modificarlo o actualizarlo en cualquier momento, por lo que le recomendamos consultarlo con frecuencia.<\/p>\n\n\n\n<p>Si cualquier cl\u00e1usula incluida en el presente Aviso Legal fuese declarada total o parcialmente nula o ineficaz, tal nulidad o ineficacia s\u00f3lo afectar\u00e1 a dicha cl\u00e1usula o a la parte de la misma que resulte nula o ineficaz, subsistiendo el presente Aviso Legal en todo lo dem\u00e1s.<\/p>\n\n\n\n<h4 class=\"wp-block-heading\">11. Le invitamos a comunicar cualquier comentario o duda<\/h4>\n\n\n\n<p>Ponemos a su disposici\u00f3n el correo electr\u00f3nico goesresearchgroup@althaia.cat para que lo utilice siempre que tenga alguna duda, consulta o comentario, sobre el contenido del Sitio Web. En relaci\u00f3n a los t\u00e9rminos legales del mismo, pueden ponerse en contacto con <a href=\"mailto:althaia@althaia.cat\">althaia@althaia.cat<\/a>.<\/p>\n\n\n\n<p>Asimismo, si detecta alg\u00fan error en la informaci\u00f3n ofrecida o en la configuraci\u00f3n, actualizaci\u00f3n y contenido del Sitio Web, le agradecer\u00edamos que lo ponga en conocimiento de GOES Group en la direcci\u00f3n anteriormente referida.<\/p>\n\n\n\n<h4 class=\"wp-block-heading\">12. Normativa aplicable y jurisdicci\u00f3n<\/h4>\n\n\n\n<p>El presente Aviso Legal se regir\u00e1 e interpretar\u00e1 conforme a la legislaci\u00f3n espa\u00f1ola, al igual que la resoluci\u00f3n de cualquier controversia o divergencia relacionada con el presente Sitio Web. El uso de los servicios del presente Sitio Web supone la aceptaci\u00f3n expresa de la jurisdicci\u00f3n espa\u00f1ola.<\/p>\n\n\n\n<p>Asimismo, las partes acuerdan que cualquier litigio, discrepancia, cuesti\u00f3n o reclamaci\u00f3n resultante de la ejecuci\u00f3n e interpretaci\u00f3n del presente Aviso Legal o relacionadas con este o de otros textos que puedan estar en el presente Sitio Web, se resolver\u00e1 en los Juzgados y Tribunales de Manresa con renuncia expresa a cualquier otro derecho o demarcaci\u00f3n jurisdiccional que pueda resultar competente (salvo que exista un conflicto protegido por Ley, en cuyo caso ser\u00eda de aplicaci\u00f3n preferente el lugar designado en la legislaci\u00f3n aplicable).<\/p>\n\n\n\n<p><em>Fecha \u00faltima de actualizaci\u00f3n: febrero de 2022.<\/em><\/p>\n\n\n\n<p><\/p>\n","protected":false},"excerpt":{"rendered":"<p>En este documento encontrar\u00e1 toda la informaci\u00f3n necesaria sobre los servicios que ofrece ALTHAIA, XARXA ASSISTENCIAL&hellip;<\/p>\n","protected":false},"author":1,"featured_media":0,"parent":0,"menu_order":0,"comment_status":"closed","ping_status":"closed","template":"","meta":{"_acf_changed":false,"_uag_custom_page_level_css":"","site-sidebar-layout":"default","site-content-layout":"default","ast-site-content-layout":"default","site-content-style":"default","site-sidebar-style":"default","ast-global-header-display":"","ast-banner-title-visibility":"","ast-main-header-display":"","ast-hfb-above-header-display":"","ast-hfb-below-header-display":"","ast-hfb-mobile-header-display":"","site-post-title":"","ast-breadcrumbs-content":"","ast-featured-img":"","footer-sml-layout":"","theme-transparent-header-meta":"default","adv-header-id-meta":"","stick-header-meta":"","header-above-stick-meta":"","header-main-stick-meta":"","header-below-stick-meta":"","astra-migrate-meta-layouts":"default","ast-page-background-enabled":"default","ast-page-background-meta":{"desktop":{"background-color":"var(--ast-global-color-4)","background-image":"","background-repeat":"repeat","background-position":"center center","background-size":"auto","background-attachment":"scroll","background-type":"","background-media":"","overlay-type":"","overlay-color":"","overlay-opacity":"","overlay-gradient":""},"tablet":{"background-color":"","background-image":"","background-repeat":"repeat","background-position":"center center","background-size":"auto","background-attachment":"scroll","background-type":"","background-media":"","overlay-type":"","overlay-color":"","overlay-opacity":"","overlay-gradient":""},"mobile":{"background-color":"","background-image":"","background-repeat":"repeat","background-position":"center center","background-size":"auto","background-attachment":"scroll","background-type":"","background-media":"","overlay-type":"","overlay-color":"","overlay-opacity":"","overlay-gradient":""}},"ast-content-background-meta":{"desktop":{"background-color":"var(--ast-global-color-5)","background-image":"","background-repeat":"repeat","background-position":"center center","background-size":"auto","background-attachment":"scroll","background-type":"","background-media":"","overlay-type":"","overlay-color":"","overlay-opacity":"","overlay-gradient":""},"tablet":{"background-color":"var(--ast-global-color-5)","background-image":"","background-repeat":"repeat","background-position":"center center","background-size":"auto","background-attachment":"scroll","background-type":"","background-media":"","overlay-type":"","overlay-color":"","overlay-opacity":"","overlay-gradient":""},"mobile":{"background-color":"var(--ast-global-color-5)","background-image":"","background-repeat":"repeat","background-position":"center center","background-size":"auto","background-attachment":"scroll","background-type":"","background-media":"","overlay-type":"","overlay-color":"","overlay-opacity":"","overlay-gradient":""}},"footnotes":""},"class_list":["post-1792","page","type-page","status-publish","hentry"],"acf":[],"uagb_featured_image_src":{"full":false,"thumbnail":false,"medium":false,"medium_large":false,"large":false,"1536x1536":false,"2048x2048":false,"gs-tiny":false,"xl":false,"xxl":false,"xxxl":false,"xxxxl":false,"xxxxxl":false,"featured":false},"uagb_author_info":{"display_name":"admin_tresipunt","author_link":"https:\/\/goesresearchgroup.com\/es\/blog\/author\/admin_tresipunt\/"},"uagb_comment_info":0,"uagb_excerpt":"En este documento encontrar\u00e1 toda la informaci\u00f3n necesaria sobre los servicios que ofrece ALTHAIA, XARXA ASSISTENCIAL&hellip;","_links":{"self":[{"href":"https:\/\/goesresearchgroup.com\/es\/wp-json\/wp\/v2\/pages\/1792","targetHints":{"allow":["GET"]}}],"collection":[{"href":"https:\/\/goesresearchgroup.com\/es\/wp-json\/wp\/v2\/pages"}],"about":[{"href":"https:\/\/goesresearchgroup.com\/es\/wp-json\/wp\/v2\/types\/page"}],"author":[{"embeddable":true,"href":"https:\/\/goesresearchgroup.com\/es\/wp-json\/wp\/v2\/users\/1"}],"replies":[{"embeddable":true,"href":"https:\/\/goesresearchgroup.com\/es\/wp-json\/wp\/v2\/comments?post=1792"}],"version-history":[{"count":3,"href":"https:\/\/goesresearchgroup.com\/es\/wp-json\/wp\/v2\/pages\/1792\/revisions"}],"predecessor-version":[{"id":3713,"href":"https:\/\/goesresearchgroup.com\/es\/wp-json\/wp\/v2\/pages\/1792\/revisions\/3713"}],"wp:attachment":[{"href":"https:\/\/goesresearchgroup.com\/es\/wp-json\/wp\/v2\/media?parent=1792"}],"curies":[{"name":"wp","href":"https:\/\/api.w.org\/{rel}","templated":true}]}}