{"id":439,"date":"2021-09-21T14:50:55","date_gmt":"2021-09-21T14:50:55","guid":{"rendered":"https:\/\/goesresearchgroup.com\/?page_id=439"},"modified":"2024-10-11T13:36:06","modified_gmt":"2024-10-11T13:36:06","slug":"home","status":"publish","type":"page","link":"https:\/\/goesresearchgroup.com\/es\/","title":{"rendered":"Inicio"},"content":{"rendered":"<div id=\"gutenslider-ke23961am\" class=\"wp-block-eedee-block-gutenslider gs-frontend content-change alignfull arrow-style-1 arrow-position-sides arrow-mb-none arrows-lg arrows-md arrows-sm dot-style-1 dots-lg-none dots-md-none dots-sm-none dot-position-bottom is-position-bottom-center mb-none wrap-auto-height\" data-parallax-direction=\"down\" data-parallax-amount=\"1.3\" data-lg-transition=\"lg-slide\" data-hash=\"\" ><div class=\"eedee-swiper-outer\" style=\"--gutenslider-min-height: 580px;--gutenslider-arrow-size: 50px;--gutenslider-dot-size: 25px;--gutenslider-arrow-color: #ffffff;--gutenslider-dot-color: #ffffff;--gutenslider-padding-y-mobile: 40px;--gutenslider-padding-x-mobile: 40px;--gutenslider-padding-y-tablet: 40px;--gutenslider-padding-x-tablet: 40px;--gutenslider-padding-y-desktop: 40px;--gutenslider-padding-x-desktop: 40px;--gutenslider-bg-image: url();--gutenslider-min-height-md: 50vh;--gutenslider-min-height-sm: 50vh;--gutenslider-padding-x: 0px;--gutenslider-padding-x-md: 0px;--gutenslider-padding-x-sm: 0px;--gutenslider-padding-y: 0px;--gutenslider-padding-y-md: 0px;--gutenslider-padding-y-sm: 0px;--gutenslider-arrow-size-md: 50px;--gutenslider-arrow-size-sm: 50px;--gutenslider-dot-size-md: 25px;--gutenslider-dot-size-sm: 25px;--gutenslider-arrow-bg-color: transparent;--gutenslider-arrow-hover-color: #eeeeee;--gutenslider-arrow-bg-hover-color: transparent;--gutenslider-arrow-x-offset: 10px;--gutenslider-arrow-x-offset-md: 10px;--gutenslider-arrow-x-offset-sm: 10px;--gutenslider-arrow-y-offset: 0px;--gutenslider-arrow-y-offset-md: 0px;--gutenslider-arrow-y-offset-sm: 0px;--gutenslider-arrow-x-spacing: 0px;--gutenslider-dot-y-offset: 10px;--gutenslider-dot-y-offset-md: 10px;--gutenslider-dot-y-offset-sm: 10px;--gutenslider-margin-x: 0px;--gutenslider-margin-x-md: 0px;--gutenslider-margin-x-sm: 0px;--gutenslider-margin-y: 0px;--gutenslider-margin-y-md: 0px;--gutenslider-margin-y-sm: 0px;--gutenslider-divider-top: 60px;--gutenslider-divider-bottom: 60px;--gutenslider-lightgallery-bg: #ffffff;--gutenslider-lightgallery-font: #000000;--gs-first-pos: 50% 50%;--gs-gap-vertical: var( --wp--style--gallery-gap-default, var( --gallery-block--gutter-size, var( --wp--style--block-gap, 0.5em ) ) );--gs-gap-horizontal: var( --wp--style--gallery-gap-default, var( --gallery-block--gutter-size, var( --wp--style--block-gap, 0.5em ) ) );\"><div class=\"gutenslider-divider-top\" style=\"color:#fff;\"><\/div><div class=\"swiper\" data-settings='{\"autoplay\":false,\"speed\":700,\"direction\":\"horizontal\",\"autoHeight\":\"\",\"loop\":true,\"centeredSlides\":true,\"spaceBetween\":0,\"slidesPerView\":1,\"slidesPerGroup\":1,\"effect\":\"fade\",\"coverflowEffect\":{\"rotate\":30,\"slideShadows\":false,\"depth\":100,\"stretch\":50,\"modifier\":1},\"fadeEffect\":{\"crossFade\":true},\"zoom\":\"\",\"navigation\":{\"nextEl\":\"#gutenslider-ke23961am .eedee-gutenslider-next\",\"prevEl\":\"#gutenslider-ke23961am .eedee-gutenslider-prev\"},\"pagination\":{\"type\":\"bullets\",\"clickable\":true,\"dynamicBullets\":false,\"el\":\"#gutenslider-ke23961am .eedee-gutenslider-pagination\"},\"pauseOnHover\":\"1\",\"watchSlidesProgress\":true,\"watchSlidesVisibility\":true,\"settingsMd\":{\"autoHeight\":\"\",\"slidesPerView\":1,\"slidesPerGroup\":1,\"spaceBetween\":0,\"loop\":true},\"settingsLg\":{\"autoHeight\":\"\",\"slidesPerView\":1,\"slidesPerGroup\":1,\"spaceBetween\":0,\"loop\":true},\"hasLg\":false,\"hasLgCounter\":true,\"isFullScreen\":false,\"arrowsFollowMouse\":false,\"lgTitle\":\"none\",\"lgCaption\":\"none\",\"lgThumbnails\":true,\"lgZoomEnabled\":false,\"keyboard\":{\"keyboard\":{\"enabled\":true,\"onlyInViewport\":true}},\"hashNavigation\":false,\"dividers\":false}'><div class=\"swiper-wrapper\">\n<div class=\"swiper-slide wp-block-eedee-block-gutenslide is-position-bottom-center ed-bg-image\" style=\"--ed-vw:300;--ed-vh:115;\" data-hash=\"\"><div class=\"eedee-background-div bg-image\"><img loading=\"lazy\" width=\"1367\" height=\"526\" class=\"wp-image-3174\" src=\"https:\/\/goesresearchgroup.com\/wp-content\/uploads\/2022\/10\/home-slide-01.jpg\" alt=\"\" decoding=\"async\" style=\"object-fit: cover; object-position: 50% 50%;\"  data-title=\"home-slide-01\" srcset=\"https:\/\/goesresearchgroup.com\/wp-content\/uploads\/2022\/10\/home-slide-01.jpg 1367w, https:\/\/goesresearchgroup.com\/wp-content\/uploads\/2022\/10\/home-slide-01-300x115.jpg 300w, https:\/\/goesresearchgroup.com\/wp-content\/uploads\/2022\/10\/home-slide-01-1200x462.jpg 1200w, https:\/\/goesresearchgroup.com\/wp-content\/uploads\/2022\/10\/home-slide-01-768x296.jpg 768w\" sizes=\"auto, (max-width: 1367px) 100vw, 1367px\" \/><div class=\"eedee-background-div__overlay\" style=\"opacity:1;\"><\/div><\/div><div class=\"slide-content\">\n\n<div class=\"inherit-container-width wp-block-group alignfull cover-black-container has-background is-layout-constrained wp-block-group-is-layout-constrained\" style=\"background:linear-gradient(135deg,rgba(0,0,0,0.5) 0%,rgba(0,0,0,0.5) 100%)\"><div class=\"wp-block-group__inner-container\">\n<h2 class=\"wp-block-heading alignwide has-ast-global-color-5-color has-text-color\" style=\"font-size:38px\">Training in optical diagnosis of early colorectal cancer<\/h2>\n\n\n\n<p class=\"has-white-color has-text-color\" style=\"font-size:18px\"><strong>La primera plataforma de formaci\u00f3n virtual de alta especializaci\u00f3n en endoscopia digestiva<\/strong><br><strong>centrada en el reconocimiento endosc\u00f3pico del patr\u00f3n invasivo en los p\u00f3lipos colorrectales<\/strong><\/p>\n\n\n\n<div class=\"wp-block-buttons is-layout-flex wp-block-buttons-is-layout-flex\">\n<div class=\"wp-block-button has-custom-font-size btn-enroll is-style-outline is-style-outline--1\" style=\"font-size:18px\"><a class=\"wp-block-button__link has-ast-global-color-5-color has-text-color wp-element-button\" href=\"https:\/\/training.goesresearchgroup.com\/\" style=\"border-radius:30px\" target=\"_blank\" rel=\"noreferrer noopener\">M\u00e1s informaci\u00f3n <span class=\"icon-after\" aria-hidden=\"true\"><svg xmlns=\"http:\/\/www.w3.org\/2000\/svg\" width=\"10\" height=\"16\" viewBox=\"0 0 8 14\" xml:space=\"preserve\"><path fill=\"currentColor\" d=\"m1.035 14.015-1.06-1.061L5.93 7-.025 1.044l1.06-1.06L8.051 7z\"><\/path><\/svg><\/span><\/a><\/div>\n<\/div>\n\n\n\n<figure class=\"wp-block-image aligncenter size-large home-arrow scroll-to-js is-style-default uag-hide-mob uag-hide-mob\"><a class=\"home-scroll-to\" href=\"#home-content\"><img loading=\"lazy\" decoding=\"async\" width=\"51\" height=\"43\" src=\"https:\/\/goesresearchgroup.com\/wp-content\/uploads\/\/2021\/09\/flecha_home.svg\" alt=\"Next section\" class=\"wp-image-362\"\/><\/a><\/figure>\n<\/div><\/div>\n\n<\/div><\/div>\n<\/div><\/div><button class=\"eedee-gutenslider-nav eedee-gutenslider-prev\"><svg xmlns=\"http:\/\/www.w3.org\/2000\/svg\" viewBox=\"0 0 24 24\" width=\"24\" height=\"24\"><circle class=\"bg\" cx=\"13\" cy=\"12\" r=\"11\" \/><path fill=\"none\" d=\"M0 0h24v24H0z\"\/><path class=\"arrow\" d=\"M10.828 12l4.95 4.95-1.414 1.414L8 12l6.364-6.364 1.414 1.414z\"\/><\/svg><\/button><button class=\"eedee-gutenslider-nav eedee-gutenslider-next\"><svg xmlns=\"http:\/\/www.w3.org\/2000\/svg\" viewBox=\"0 0 24 24\" width=\"24\" height=\"24\"><circle class=\"bg\" cx=\"11\" cy=\"12\" r=\"11\" \/><path fill=\"none\" d=\"M0 0h24v24H0z\"\/><path class=\"arrow\" d=\"M13.172 12l-4.95-4.95 1.414-1.414L16 12l-6.364 6.364-1.414-1.414z\"\/><\/svg><\/button><div class=\"eedee-gutenslider-pagination\"><\/div><div class=\"gutenslider-divider-bottom \" style=\"color:#fff;\"><\/div><\/div><\/div>\n\n\n<section id=\"home-content\" class=\"inherit-container-width wp-block-group is-layout-constrained wp-block-group-is-layout-constrained\">\n<section id=\"home-content\" class=\"inherit-container-width wp-block-group is-content-justification-center is-layout-constrained wp-block-group-is-layout-constrained\">\n<h2 class=\"wp-block-heading has-large-font-size\"><strong>Gastrointestinal Oncology, Endoscopy and Surgery (GOES) research group<\/strong><\/h2>\n\n\n\n<div style=\"height:20px\" aria-hidden=\"true\" class=\"wp-block-spacer\"><\/div>\n\n\n\n<p class=\"has-medium-font-size\">Nuestra actividad se centra en la<strong> <strong>investigaci\u00f3n<\/strong><\/strong>,<strong><strong> innovaci\u00f3n<\/strong> <\/strong>y difusi\u00f3n del<strong> <strong>conocimiento<\/strong> <\/strong>en el campo de la<strong> oncolog\u00eda gastrointestinal<\/strong>, la <strong>endoscopia<\/strong> y la <strong>cirug\u00eda.<\/strong><\/p>\n<\/section>\n\n\n\n<p class=\"has-medium-font-size\">El grupo tiene como objetivo proporcionar recursos que mejoren la atenci\u00f3n al paciente en este campo.  <\/p>\n\n\n\n<p class=\"has-medium-font-size\">El prop\u00f3sito final es desarrollar cambios disruptivos que realmente aporten un valor relevante a la sociedad.<\/p>\n<\/section>\n\n\n\n<div class=\"inherit-container-width wp-block-group is-layout-constrained wp-block-group-is-layout-constrained\"><div class=\"wp-block-group__inner-container\">\n<h2 class=\"wp-block-heading has-large-font-size\"><strong>\u00bfC\u00f3mo?<\/strong><\/h2>\n\n\n\n<div class=\"wp-block-columns is-layout-flex wp-container-core-columns-is-layout-28f84493 wp-block-columns-is-layout-flex\">\n<div class=\"wp-block-column how-block box-shadow is-layout-flow wp-block-column-is-layout-flow\">\n<div class=\"wp-block-media-text alignwide is-stacked-on-mobile is-vertically-aligned-center\" style=\"grid-template-columns:25% auto\"><figure class=\"wp-block-media-text__media\"><img loading=\"lazy\" decoding=\"async\" width=\"120\" height=\"120\" src=\"https:\/\/goesresearchgroup.com\/wp-content\/uploads\/\/2021\/10\/how-conducting-2.svg\" alt=\"\" class=\"wp-image-667 size-full\"\/><\/figure><div class=\"wp-block-media-text__content\">\n<p class=\"text-how has-medium-font-size\">Con la realizaci\u00f3n de estudios cl\u00ednicos y translacionales<\/p>\n<\/div><\/div>\n<\/div>\n\n\n\n<div class=\"wp-block-column how-block box-shadow is-layout-flow wp-block-column-is-layout-flow\">\n<div class=\"wp-block-media-text alignwide is-stacked-on-mobile is-vertically-aligned-center\" style=\"grid-template-columns:25% auto\"><figure class=\"wp-block-media-text__media\"><img loading=\"lazy\" decoding=\"async\" width=\"120\" height=\"120\" src=\"https:\/\/goesresearchgroup.com\/wp-content\/uploads\/\/2021\/10\/how-knowledge-1.svg\" alt=\"\" class=\"wp-image-664 size-full\"\/><\/figure><div class=\"wp-block-media-text__content\">\n<p class=\"text-how has-medium-font-size\">Difundiendo nuevos conocimientos a trav\u00e9s de cursos de formaci\u00f3n online, webinars y otras iniciativas<\/p>\n<\/div><\/div>\n\n\n\n<p><\/p>\n<\/div>\n<\/div>\n\n\n\n<div class=\"wp-block-columns is-layout-flex wp-container-core-columns-is-layout-28f84493 wp-block-columns-is-layout-flex\">\n<div class=\"wp-block-column how-block box-shadow is-layout-flow wp-block-column-is-layout-flow\">\n<div class=\"wp-block-media-text alignwide is-stacked-on-mobile is-vertically-aligned-center\" style=\"grid-template-columns:25% auto\"><figure class=\"wp-block-media-text__media\"><img loading=\"lazy\" decoding=\"async\" width=\"120\" height=\"120\" src=\"https:\/\/goesresearchgroup.com\/wp-content\/uploads\/\/2021\/10\/how-innovating-1.svg\" alt=\"\" class=\"wp-image-661 size-full\"\/><\/figure><div class=\"wp-block-media-text__content\">\n<p class=\"text-how has-medium-font-size\">Resolviendo las limitaciones actuales a trav\u00e9s de la innovaci\u00f3n, con nuevas t\u00e9cnicas y procedimientos<\/p>\n<\/div><\/div>\n<\/div>\n\n\n\n<div class=\"wp-block-column how-block box-shadow is-layout-flow wp-block-column-is-layout-flow\">\n<div class=\"wp-block-media-text alignwide is-stacked-on-mobile is-vertically-aligned-center\" style=\"grid-template-columns:25% auto\"><figure class=\"wp-block-media-text__media\"><img loading=\"lazy\" decoding=\"async\" width=\"120\" height=\"120\" src=\"https:\/\/goesresearchgroup.com\/wp-content\/uploads\/\/2021\/10\/how-cooperating.svg\" alt=\"\" class=\"wp-image-658 size-full\"\/><\/figure><div class=\"wp-block-media-text__content\">\n<p class=\"text-how has-medium-font-size\">Cooperando con las sociedades cient\u00edficas en el desarrollo de gu\u00edas cl\u00ednicas para proporcionar a los pacientes el mejor diagn\u00f3stico y tratamiento<\/p>\n<\/div><\/div>\n<\/div>\n<\/div>\n<\/div><\/div>\n\n\n\n<p><\/p>\n","protected":false},"excerpt":{"rendered":"<p>Gastrointestinal Oncology, Endoscopy and Surgery (GOES) research group Nuestra actividad se centra en la investigaci\u00f3n, innovaci\u00f3n&hellip;<\/p>\n","protected":false},"author":1,"featured_media":0,"parent":0,"menu_order":0,"comment_status":"closed","ping_status":"closed","template":"","meta":{"_acf_changed":false,"_uag_custom_page_level_css":"","site-sidebar-layout":"no-sidebar","site-content-layout":"default","ast-site-content-layout":"default","site-content-style":"default","site-sidebar-style":"default","ast-global-header-display":"","ast-banner-title-visibility":"","ast-main-header-display":"","ast-hfb-above-header-display":"","ast-hfb-below-header-display":"","ast-hfb-mobile-header-display":"","site-post-title":"disabled","ast-breadcrumbs-content":"","ast-featured-img":"","footer-sml-layout":"","theme-transparent-header-meta":"disabled","adv-header-id-meta":"","stick-header-meta":"","header-above-stick-meta":"","header-main-stick-meta":"","header-below-stick-meta":"","astra-migrate-meta-layouts":"set","ast-page-background-enabled":"default","ast-page-background-meta":{"desktop":{"background-color":"var(--ast-global-color-4)","background-image":"","background-repeat":"repeat","background-position":"center center","background-size":"auto","background-attachment":"scroll","background-type":"","background-media":"","overlay-type":"","overlay-color":"","overlay-opacity":"","overlay-gradient":""},"tablet":{"background-color":"","background-image":"","background-repeat":"repeat","background-position":"center center","background-size":"auto","background-attachment":"scroll","background-type":"","background-media":"","overlay-type":"","overlay-color":"","overlay-opacity":"","overlay-gradient":""},"mobile":{"background-color":"","background-image":"","background-repeat":"repeat","background-position":"center center","background-size":"auto","background-attachment":"scroll","background-type":"","background-media":"","overlay-type":"","overlay-color":"","overlay-opacity":"","overlay-gradient":""}},"ast-content-background-meta":{"desktop":{"background-color":"var(--ast-global-color-5)","background-image":"","background-repeat":"repeat","background-position":"center center","background-size":"auto","background-attachment":"scroll","background-type":"","background-media":"","overlay-type":"","overlay-color":"","overlay-opacity":"","overlay-gradient":""},"tablet":{"background-color":"var(--ast-global-color-5)","background-image":"","background-repeat":"repeat","background-position":"center center","background-size":"auto","background-attachment":"scroll","background-type":"","background-media":"","overlay-type":"","overlay-color":"","overlay-opacity":"","overlay-gradient":""},"mobile":{"background-color":"var(--ast-global-color-5)","background-image":"","background-repeat":"repeat","background-position":"center center","background-size":"auto","background-attachment":"scroll","background-type":"","background-media":"","overlay-type":"","overlay-color":"","overlay-opacity":"","overlay-gradient":""}},"footnotes":""},"class_list":["post-439","page","type-page","status-publish","hentry"],"acf":[],"uagb_featured_image_src":{"full":false,"thumbnail":false,"medium":false,"medium_large":false,"large":false,"1536x1536":false,"2048x2048":false,"gs-tiny":false,"xl":false,"xxl":false,"xxxl":false,"xxxxl":false,"xxxxxl":false,"featured":false},"uagb_author_info":{"display_name":"admin_tresipunt","author_link":"https:\/\/goesresearchgroup.com\/es\/blog\/author\/admin_tresipunt\/"},"uagb_comment_info":0,"uagb_excerpt":"Gastrointestinal Oncology, Endoscopy and Surgery (GOES) research group Nuestra actividad se centra en la investigaci\u00f3n, innovaci\u00f3n&hellip;","_links":{"self":[{"href":"https:\/\/goesresearchgroup.com\/es\/wp-json\/wp\/v2\/pages\/439","targetHints":{"allow":["GET"]}}],"collection":[{"href":"https:\/\/goesresearchgroup.com\/es\/wp-json\/wp\/v2\/pages"}],"about":[{"href":"https:\/\/goesresearchgroup.com\/es\/wp-json\/wp\/v2\/types\/page"}],"author":[{"embeddable":true,"href":"https:\/\/goesresearchgroup.com\/es\/wp-json\/wp\/v2\/users\/1"}],"replies":[{"embeddable":true,"href":"https:\/\/goesresearchgroup.com\/es\/wp-json\/wp\/v2\/comments?post=439"}],"version-history":[{"count":3,"href":"https:\/\/goesresearchgroup.com\/es\/wp-json\/wp\/v2\/pages\/439\/revisions"}],"predecessor-version":[{"id":3888,"href":"https:\/\/goesresearchgroup.com\/es\/wp-json\/wp\/v2\/pages\/439\/revisions\/3888"}],"wp:attachment":[{"href":"https:\/\/goesresearchgroup.com\/es\/wp-json\/wp\/v2\/media?parent=439"}],"curies":[{"name":"wp","href":"https:\/\/api.w.org\/{rel}","templated":true}]}}