{"id":914,"date":"2021-09-07T11:13:08","date_gmt":"2021-09-07T11:13:08","guid":{"rendered":"https:\/\/goesresearchgroup.com\/lines-of-research\/"},"modified":"2026-03-31T11:52:29","modified_gmt":"2026-03-31T09:52:29","slug":"lineas-de-investigacion","status":"publish","type":"page","link":"https:\/\/goesresearchgroup.com\/es\/lineas-de-investigacion\/","title":{"rendered":"Programas de investigaci\u00f3n"},"content":{"rendered":"\n<div class=\"inherit-container-width wp-block-group block-lines-research is-layout-constrained wp-block-group-is-layout-constrained\"><div class=\"wp-block-group__inner-container\">\n<h3 class=\"wp-block-heading line-research-heading has-white-color has-text-color has-background\" style=\"background-color:#0072cf;font-size:30px\">1. Risk Stratification, Precision Diagnostics and Clinical Decision Modelling <\/h3>\n\n\n\n<p class=\"has-text-align-left\" style=\"font-size:17px\">Mejorar la toma de decisiones cl\u00ednicas antes de la intervenci\u00f3n mediante modelos predictivos, biomarcadores, inteligencia artifical y datos del mundo real<\/p>\n\n\n\n<div class=\"wp-block-pb-accordion-item c-accordion__item js-accordion-item no-js line-research-content box-shadow\" data-initially-open=\"false\" data-click-to-close=\"true\" data-auto-close=\"false\" data-scroll=\"false\" data-scroll-offset=\"0\"><h4 id=\"at-9140\" class=\"c-accordion__title js-accordion-controller\" role=\"button\">1.1 Cribado personalizado e implementaci\u00f3n poblacional<\/h4><div id=\"ac-9140\" class=\"c-accordion__content\">\n<ul class=\"wp-block-list\">\n<li>Cribado adaptado al riesgo (pr\u00f3stata, CCR)<\/li>\n\n\n\n<li>Integraci\u00f3n atenci\u00f3n primaria-hospital<\/li>\n\n\n\n<li>Modelos de salud p\u00fablica basados en riesgo<\/li>\n<\/ul>\n<\/div><\/div>\n\n\n\n<div class=\"wp-block-pb-accordion-item c-accordion__item js-accordion-item no-js line-research-content box-shadow\" data-initially-open=\"false\" data-click-to-close=\"true\" data-auto-close=\"false\" data-scroll=\"false\" data-scroll-offset=\"0\"><h4 id=\"at-9141\" class=\"c-accordion__title js-accordion-controller\" role=\"button\">1.2 Biomarcadores moleculares y diagn\u00f3stico de precisi\u00f3n<\/h4><div id=\"ac-9141\" class=\"c-accordion__content\">\n<ul class=\"wp-block-list\">\n<li>MicroRNAs fecales<\/li>\n\n\n\n<li>ctDNA y biomarcadores circulantes<\/li>\n\n\n\n<li>Integraci\u00f3n gen\u00f3mica cl\u00ednica<\/li>\n<\/ul>\n<\/div><\/div>\n\n\n\n<div class=\"wp-block-pb-accordion-item c-accordion__item js-accordion-item no-js line-research-content box-shadow\" data-initially-open=\"false\" data-click-to-close=\"true\" data-auto-close=\"false\" data-scroll=\"false\" data-scroll-offset=\"0\"><h4 id=\"at-9142\" class=\"c-accordion__title js-accordion-controller\" role=\"button\">1.3 Modelos predictivos y soporte a la decisi\u00f3n cl\u00ednica <\/h4><div id=\"ac-9142\" class=\"c-accordion__content\">\n<ul class=\"wp-block-list\">\n<li>Modelos multivariables cl\u00ednico-moleculares<\/li>\n\n\n\n<li>IA aplicada a la priorizaci\u00f3n diagn\u00f3tisca<\/li>\n\n\n\n<li>Validaci\u00f3n prospectiva e impacto en circuitos asistenciales<\/li>\n<\/ul>\n<\/div><\/div>\n\n\n\n<div class=\"wp-block-pb-accordion-item c-accordion__item js-accordion-item no-js line-research-content box-shadow\" data-initially-open=\"false\" data-click-to-close=\"true\" data-auto-close=\"false\" data-scroll=\"false\" data-scroll-offset=\"0\"><h4 id=\"at-9143\" class=\"c-accordion__title js-accordion-controller\" role=\"button\">1.4 Investigaci\u00f3n basada en reigstros y Real-World Data<\/h4><div id=\"ac-9143\" class=\"c-accordion__content\">\n<ul class=\"wp-block-list\">\n<li>An\u00e1lisis de grandes cohortes<\/li>\n\n\n\n<li>Armonizaci\u00f3n OMOP<\/li>\n\n\n\n<li>Desarrollo de gu\u00edas y consensos<\/li>\n<\/ul>\n<\/div><\/div>\n\n\n\n<h3 class=\"wp-block-heading line-research-heading has-white-color has-text-color has-background\" style=\"background-color:#0072cf;font-size:30px\">2. Minimally Invasive and Advanced Surgical-Endoscopi Innovation<\/h3>\n\n\n\n<p style=\"font-size:17px\">Optimizar los tratamientos quir\u00fargicos y endosc\u00f3picos mediante innovaci\u00f3n tecnol\u00f3gica, benchmarking internacional y reducci\u00f3n de la variabilidad cl\u00ednica. <\/p>\n\n\n\n<div class=\"wp-block-pb-accordion-item c-accordion__item js-accordion-item no-js line-research-content box-shadow\" data-initially-open=\"false\" data-click-to-close=\"true\" data-auto-close=\"false\" data-scroll=\"false\" data-scroll-offset=\"0\"><h4 id=\"at-9144\" class=\"c-accordion__title js-accordion-controller\" role=\"button\">2.1 Cirug\u00eda colorrectal m\u00ednimamente invasiva y rob\u00f3tica<\/h4><div id=\"ac-9144\" class=\"c-accordion__content\">\n<ul class=\"wp-block-list\">\n<li>Resultados oncol\u00f3gicos<\/li>\n\n\n\n<li>Benchmarking europeo<\/li>\n\n\n\n<li>Optimizaci\u00f3n perioperatoria<\/li>\n<\/ul>\n<\/div><\/div>\n\n\n\n<div class=\"wp-block-pb-accordion-item c-accordion__item js-accordion-item no-js line-research-content box-shadow\" data-initially-open=\"false\" data-click-to-close=\"true\" data-auto-close=\"false\" data-scroll=\"false\" data-scroll-offset=\"0\"><h4 id=\"at-9145\" class=\"c-accordion__title js-accordion-controller\" role=\"button\">2.2 Innovaci\u00f3n en dispositivos e ingenier\u00eda biom\u00e9dica<\/h4><div id=\"ac-9145\" class=\"c-accordion__content\">\n<ul class=\"wp-block-list\">\n<li>Impresi\u00f3n 3D personalizada<\/li>\n\n\n\n<li>Desarrollo de materiales quir\u00fargicos<\/li>\n\n\n\n<li>Transferencia industrial y regulaci\u00f3n MDR<\/li>\n<\/ul>\n<\/div><\/div>\n\n\n\n<div class=\"wp-block-pb-accordion-item c-accordion__item js-accordion-item no-js line-research-content box-shadow\" data-initially-open=\"false\" data-click-to-close=\"true\" data-auto-close=\"false\" data-scroll=\"false\" data-scroll-offset=\"0\"><h4 id=\"at-9146\" class=\"c-accordion__title js-accordion-controller\" role=\"button\">2.3 Endoscopia avanzada y calidad procedimental<\/h4><div id=\"ac-9146\" class=\"c-accordion__content\">\n<ul class=\"wp-block-list\">\n<li>Diagn\u00f3stico \u00f3ptico<\/li>\n\n\n\n<li>IA en detecci\u00f3n de adenomas<\/li>\n\n\n\n<li>Estandarizaci\u00f3n y reducci\u00f3n de variabilidad<\/li>\n<\/ul>\n<\/div><\/div>\n\n\n\n<div class=\"wp-block-pb-accordion-item c-accordion__item js-accordion-item no-js line-research-content box-shadow\" data-initially-open=\"false\" data-click-to-close=\"true\" data-auto-close=\"false\" data-scroll=\"false\" data-scroll-offset=\"0\"><h4 id=\"at-9147\" class=\"c-accordion__title js-accordion-controller\" role=\"button\">2.4 Optimizaci\u00f3n periintervencional<\/h4><div id=\"ac-9147\" class=\"c-accordion__content\">\n<ul class=\"wp-block-list\">\n<li>Manejo farmacol\u00f3gico<\/li>\n\n\n\n<li>Protcolos de seguridad<\/li>\n\n\n\n<li>Estrategias de preparaci\u00f3n intestinal<\/li>\n<\/ul>\n<\/div><\/div>\n\n\n\n<h3 class=\"wp-block-heading line-research-heading has-white-color has-text-color has-background\" style=\"background-color:#0072cf;font-size:30px\">3. Functional Outcomes, Survivorship and Translational Care Innovation<\/h3>\n\n\n\n<p style=\"font-size:17px\">Mejorar la calidad de vida, el seguimiento funcional y la monitorizaci\u00f3n mediante biomarcadores tras la intervenci\u00f3n. <\/p>\n\n\n\n<div class=\"wp-block-pb-accordion-item c-accordion__item js-accordion-item no-js line-research-content box-shadow\" data-initially-open=\"false\" data-click-to-close=\"true\" data-auto-close=\"false\" data-scroll=\"false\" data-scroll-offset=\"0\"><h4 id=\"at-9148\" class=\"c-accordion__title js-accordion-controller\" role=\"button\">3.1 Resultados funcionales postquir\u00fargicos <\/h4><div id=\"ac-9148\" class=\"c-accordion__content\">\n<ul class=\"wp-block-list\">\n<li>Funci\u00f3n anorectal<\/li>\n\n\n\n<li>Disfunci\u00f3n urinaria<\/li>\n\n\n\n<li>Rehabilitaci\u00f3n p\u00e9lvica<\/li>\n<\/ul>\n<\/div><\/div>\n\n\n\n<div class=\"wp-block-pb-accordion-item c-accordion__item js-accordion-item no-js line-research-content box-shadow\" data-initially-open=\"false\" data-click-to-close=\"true\" data-auto-close=\"false\" data-scroll=\"false\" data-scroll-offset=\"0\"><h4 id=\"at-9149\" class=\"c-accordion__title js-accordion-controller\" role=\"button\">3.2 Innovaci\u00f3n en dispositivos para la calidad de vida<\/h4><div id=\"ac-9149\" class=\"c-accordion__content\">\n<ul class=\"wp-block-list\">\n<li>Dispositivos no invasivos<\/li>\n\n\n\n<li>Desarrollo y patentado<\/li>\n\n\n\n<li>Validaci\u00f3n cl\u00ednica<\/li>\n<\/ul>\n<\/div><\/div>\n\n\n\n<div class=\"wp-block-pb-accordion-item c-accordion__item js-accordion-item no-js line-research-content box-shadow\" data-initially-open=\"false\" data-click-to-close=\"true\" data-auto-close=\"false\" data-scroll=\"false\" data-scroll-offset=\"0\"><h4 id=\"at-91410\" class=\"c-accordion__title js-accordion-controller\" role=\"button\">3.3 Biomarcadores en seguimiento y recad\u00edda<\/h4><div id=\"ac-91410\" class=\"c-accordion__content\">\n<ul class=\"wp-block-list\">\n<li>ctDNA personalizado<\/li>\n\n\n\n<li>Biomarcadores predictivos de toxicidad <\/li>\n\n\n\n<li>Monitorizaci\u00f3n translacional<\/li>\n<\/ul>\n<\/div><\/div>\n\n\n\n<div class=\"wp-block-pb-accordion-item c-accordion__item js-accordion-item no-js line-research-content box-shadow\" data-initially-open=\"false\" data-click-to-close=\"true\" data-auto-close=\"false\" data-scroll=\"false\" data-scroll-offset=\"0\"><h4 id=\"at-91411\" class=\"c-accordion__title js-accordion-controller\" role=\"button\">3.4 Survivorship y modelos asistenciales estructurados<\/h4><div id=\"ac-91411\" class=\"c-accordion__content\">\n<ul class=\"wp-block-list\">\n<li>PROMS integrados<\/li>\n\n\n\n<li>Seguimiento multidisciplinar<\/li>\n\n\n\n<li>Implementado en circuitos hospitalarios<\/li>\n<\/ul>\n<\/div><\/div>\n<\/div><\/div>\n\n\n\n<p><\/p>\n","protected":false},"excerpt":{"rendered":"<p>1. Risk Stratification, Precision Diagnostics and Clinical Decision Modelling Mejorar la toma de decisiones cl\u00ednicas antes&hellip;<\/p>\n","protected":false},"author":1,"featured_media":1399,"parent":0,"menu_order":0,"comment_status":"closed","ping_status":"closed","template":"","meta":{"_acf_changed":false,"_uag_custom_page_level_css":"","site-sidebar-layout":"no-sidebar","site-content-layout":"plain-container","ast-site-content-layout":"default","site-content-style":"default","site-sidebar-style":"default","ast-global-header-display":"","ast-banner-title-visibility":"","ast-main-header-display":"","ast-hfb-above-header-display":"","ast-hfb-below-header-display":"","ast-hfb-mobile-header-display":"","site-post-title":"","ast-breadcrumbs-content":"","ast-featured-img":"","footer-sml-layout":"","theme-transparent-header-meta":"default","adv-header-id-meta":"","stick-header-meta":"","header-above-stick-meta":"","header-main-stick-meta":"","header-below-stick-meta":"","astra-migrate-meta-layouts":"set","ast-page-background-enabled":"default","ast-page-background-meta":{"desktop":{"background-color":"var(--ast-global-color-4)","background-image":"","background-repeat":"repeat","background-position":"center center","background-size":"auto","background-attachment":"scroll","background-type":"","background-media":"","overlay-type":"","overlay-color":"","overlay-opacity":"","overlay-gradient":""},"tablet":{"background-color":"","background-image":"","background-repeat":"repeat","background-position":"center center","background-size":"auto","background-attachment":"scroll","background-type":"","background-media":"","overlay-type":"","overlay-color":"","overlay-opacity":"","overlay-gradient":""},"mobile":{"background-color":"","background-image":"","background-repeat":"repeat","background-position":"center center","background-size":"auto","background-attachment":"scroll","background-type":"","background-media":"","overlay-type":"","overlay-color":"","overlay-opacity":"","overlay-gradient":""}},"ast-content-background-meta":{"desktop":{"background-color":"var(--ast-global-color-5)","background-image":"","background-repeat":"repeat","background-position":"center center","background-size":"auto","background-attachment":"scroll","background-type":"","background-media":"","overlay-type":"","overlay-color":"","overlay-opacity":"","overlay-gradient":""},"tablet":{"background-color":"var(--ast-global-color-5)","background-image":"","background-repeat":"repeat","background-position":"center center","background-size":"auto","background-attachment":"scroll","background-type":"","background-media":"","overlay-type":"","overlay-color":"","overlay-opacity":"","overlay-gradient":""},"mobile":{"background-color":"var(--ast-global-color-5)","background-image":"","background-repeat":"repeat","background-position":"center center","background-size":"auto","background-attachment":"scroll","background-type":"","background-media":"","overlay-type":"","overlay-color":"","overlay-opacity":"","overlay-gradient":""}},"footnotes":""},"class_list":["post-914","page","type-page","status-publish","has-post-thumbnail","hentry"],"acf":[],"uagb_featured_image_src":{"full":["https:\/\/goesresearchgroup.com\/wp-content\/uploads\/2021\/11\/Capcalera-LINES-OF-RESEARCH2-scaled.jpg",2560,619,false],"thumbnail":["https:\/\/goesresearchgroup.com\/wp-content\/uploads\/2021\/11\/Capcalera-LINES-OF-RESEARCH2-150x150.jpg",150,150,true],"medium":["https:\/\/goesresearchgroup.com\/wp-content\/uploads\/2021\/11\/Capcalera-LINES-OF-RESEARCH2-300x73.jpg",300,73,true],"medium_large":["https:\/\/goesresearchgroup.com\/wp-content\/uploads\/2021\/11\/Capcalera-LINES-OF-RESEARCH2-768x186.jpg",768,186,true],"large":["https:\/\/goesresearchgroup.com\/wp-content\/uploads\/2021\/11\/Capcalera-LINES-OF-RESEARCH2-1200x290.jpg",1200,290,true],"1536x1536":["https:\/\/goesresearchgroup.com\/wp-content\/uploads\/2021\/11\/Capcalera-LINES-OF-RESEARCH2-1536x372.jpg",1536,372,true],"2048x2048":["https:\/\/goesresearchgroup.com\/wp-content\/uploads\/2021\/11\/Capcalera-LINES-OF-RESEARCH2-2048x496.jpg",2048,496,true],"gs-tiny":["https:\/\/goesresearchgroup.com\/wp-content\/uploads\/2021\/11\/Capcalera-LINES-OF-RESEARCH2-scaled.jpg",50,12,false],"xl":["https:\/\/goesresearchgroup.com\/wp-content\/uploads\/2021\/11\/Capcalera-LINES-OF-RESEARCH2-scaled.jpg",1600,387,false],"xxl":["https:\/\/goesresearchgroup.com\/wp-content\/uploads\/2021\/11\/Capcalera-LINES-OF-RESEARCH2-scaled.jpg",2200,532,false],"xxxl":["https:\/\/goesresearchgroup.com\/wp-content\/uploads\/2021\/11\/Capcalera-LINES-OF-RESEARCH2-scaled.jpg",2560,619,false],"xxxxl":["https:\/\/goesresearchgroup.com\/wp-content\/uploads\/2021\/11\/Capcalera-LINES-OF-RESEARCH2-scaled.jpg",2560,619,false],"xxxxxl":["https:\/\/goesresearchgroup.com\/wp-content\/uploads\/2021\/11\/Capcalera-LINES-OF-RESEARCH2-scaled.jpg",2560,619,false],"featured":["https:\/\/goesresearchgroup.com\/wp-content\/uploads\/2021\/11\/Capcalera-LINES-OF-RESEARCH2-1360x260.jpg",1360,260,true]},"uagb_author_info":{"display_name":"admin_tresipunt","author_link":"https:\/\/goesresearchgroup.com\/es\/blog\/author\/admin_tresipunt\/"},"uagb_comment_info":0,"uagb_excerpt":"1. Risk Stratification, Precision Diagnostics and Clinical Decision Modelling Mejorar la toma de decisiones cl\u00ednicas antes&hellip;","_links":{"self":[{"href":"https:\/\/goesresearchgroup.com\/es\/wp-json\/wp\/v2\/pages\/914","targetHints":{"allow":["GET"]}}],"collection":[{"href":"https:\/\/goesresearchgroup.com\/es\/wp-json\/wp\/v2\/pages"}],"about":[{"href":"https:\/\/goesresearchgroup.com\/es\/wp-json\/wp\/v2\/types\/page"}],"author":[{"embeddable":true,"href":"https:\/\/goesresearchgroup.com\/es\/wp-json\/wp\/v2\/users\/1"}],"replies":[{"embeddable":true,"href":"https:\/\/goesresearchgroup.com\/es\/wp-json\/wp\/v2\/comments?post=914"}],"version-history":[{"count":2,"href":"https:\/\/goesresearchgroup.com\/es\/wp-json\/wp\/v2\/pages\/914\/revisions"}],"predecessor-version":[{"id":4404,"href":"https:\/\/goesresearchgroup.com\/es\/wp-json\/wp\/v2\/pages\/914\/revisions\/4404"}],"wp:featuredmedia":[{"embeddable":true,"href":"https:\/\/goesresearchgroup.com\/es\/wp-json\/wp\/v2\/media\/1399"}],"wp:attachment":[{"href":"https:\/\/goesresearchgroup.com\/es\/wp-json\/wp\/v2\/media?parent=914"}],"curies":[{"name":"wp","href":"https:\/\/api.w.org\/{rel}","templated":true}]}}